{"id":22,"date":"2016-04-12T13:44:52","date_gmt":"2016-04-12T11:44:52","guid":{"rendered":"http:\/\/www.ffhennersdorf.at\/WordPress\/?page_id=22"},"modified":"2026-02-24T09:00:54","modified_gmt":"2026-02-24T08:00:54","slug":"organisation","status":"publish","type":"page","link":"http:\/\/www.ffhennersdorf.at\/WordPress\/ueber-uns\/organisation\/","title":{"rendered":"Organisation"},"content":{"rendered":"<p>An der Spitze der Feuerwehr steht das Feuerwehrkommando, das in seinen Aufgaben durch mehrere Sachgebiete unterst\u00fctzt wird. Die betreffenden Chargen (Einsatzdienst und Fachdienst) werden vom Kommandant f\u00fcr die Dauer der Funktionsperiode (in der Regel f\u00fcnf Jahre) ernannt.<\/p>\n<h3><span style=\"color: #ff0000;\">Kommando<\/span><\/h3>\n<p>Das Kommando setzt sich gem\u00e4\u00df N\u00d6 Feuerwehrgesetz aus dem Kommandanten (KDT), dem Kommandanten-Stellvertreter (KDTSTV) und dem Leiter des Verwaltungsdienstes zusammen.<\/p>\n<p>Der Kommandant und sein Stellvertreter werden von der Mitgliederversammlung gew\u00e4hlt, der Leiter des Verwaltungsdienstes (LDV) anschlie\u00dfend vom Kommandant ernannt. Diesen drei Feuerwehr-Funktion\u00e4ren obliegt die F\u00fchrung und Vertretung der Feuerwehr nach innen und au\u00dfen. Weiters ist es bei der FF Hennersdorf seit Jahrzehnten \u00fcblich, auch den Stellvertretenden Leiter des Verwaltungsdienstes (LDVSTV) als Mitglied des Kommandos zu f\u00fchren.<\/p>\n<p>Das derzeitige Kommando der FF Hennersdorf:<\/p>\n<p>KDT: HBI MATZNER Robert BA<br \/>\nKDTSTV: OBI STUR Matthias MSc.,BSc.<br \/>\nLDV: OV SCHNEPF Gerald<br \/>\nLDVSTV: V KILIAN Mario BA<\/p>\n<h3><span style=\"color: #ff0000;\">Verwaltung<\/span><\/h3>\n<p>LDV: OV SCHNEPF Gerald<br \/>\nSTV des LDV: V KILIAN Mario BA<br \/>\nMitarbeiter in der Verwaltung: EOBI DI BREZOVITS Karl, BR Dr. FASTL Christian K.<\/p>\n<p>Die Verwaltung ist f\u00fcr die gesamte innere Organisation der Feuerwehr zust\u00e4ndig, ihr Aufgabenbereich reicht von der Protokoll- und Standesf\u00fchrung \u00fcber die Kursverwaltung, Veranstaltungsorganisation und Aktenablage bis hin zur Kassenverwaltung. Eng mit der Verwaltung verbunden sind die Sachgebiete \u00d6ffentlichkeitsarbeit (inkl. Homepage) und Feuerwehrgeschichte.<\/p>\n<h3><span style=\"color: #ff0000;\">Atemschutz<\/span><\/h3>\n<p>Sachbearbeiter: SB Mag. SCHNEIDER Friedrich<br \/>\nMitarbeiter: V KILIAN Mario BA, SB FINK Oliver<\/p>\n<p>Einen sehr wichtigen Bereich im Feuerwehrdienst stellt der Atemschutz dar, der im Ernstfall lebensrettend sein kann. Das Atemschutz-Team ist daher f\u00fcr die Wartung der Atemschutzger\u00e4te und Pr\u00fcfung der Atemschutzmasken ebenso verantwortlich wie auch f\u00fcr die Organisation der regelm\u00e4\u00dfig durchzuf\u00fchrenden Tauglichkeitsuntersuchungen der als Atemschutztr\u00e4ger ausgebildeten Kameraden. Durch die Abhaltung von Atemschutz\u00fcbungen bringt sich das Team auch in den j\u00e4hrlichen Ausbildungsbetrieb ein.<\/p>\n<h3><span style=\"color: #ff0000;\">Ausbildung<\/span><\/h3>\n<p>Ausbilder: HBM OBERDORFER Clemens<br \/>\nZugskommandanten: FJUR Dr. SCHRANK Christopher<br \/>\nGruppenkommandanten: FM SCHRANK Johanna, FJUR Mag. SIEBENEICHER Lukas, LM MIEDLER Stefan MSc.<\/p>\n<p>Das Ausbildungsteam ist f\u00fcr die Planung, Vorbereitung und Durchf\u00fchrung von \u00dcbungen und Schulungen innerhalb der Feuerwehr zust\u00e4ndig, um den Kameraden das f\u00fcr den Ernstfall notwendige Wissen und K\u00f6nnen zu vermitteln. Hierbei wird es vor allem durch die Sachbearbeiter und Fachchargen, aber auch durch andere Kameraden unterst\u00fctzt.<\/p>\n<h3><span style=\"color: #ff0000;\">EDV<\/span><\/h3>\n<p>Sachbearbeiter: EOBI DI BREZOVITS Karl<br \/>\nMitarbeiter: FM SCH\u00d6RGHOFER Matthias<\/p>\n<h3><span style=\"color: #ff0000;\">Fahrmeister<\/span><\/h3>\n<p>Fahrmeister: SB SCHRANK Thomas<br \/>\nGehilfe: LM SCHRANK Peter<\/p>\n<p>Die Wartung und Reparatur der Feuerwehrfahrzeuge ist Aufgabe der Fahrmeister, die sich au\u00dferdem in den Ausbildungsbetrieb durch die regelm\u00e4\u00dfige Abhaltung von Fahrerschulungen einbringen. Die Wartung s\u00e4mtlicher Fahrzeuge erfolgt routinem\u00e4\u00dfig jeden ersten Dienstag im Monat, wobei die Fahrmeister von den Mitgliedern nach einem zu Jahresbeginn festgelegten Plan unterst\u00fctzt werden.<\/p>\n<h3><span style=\"color: #ff0000;\">Feuerwehrgeschichte<\/span><\/h3>\n<p>Sachbearbeiter: BR Dr. FASTL Christian K.<\/p>\n<p>Das Sachgebiet Feuerwehrgeschichte wurde mit Beschluss des N\u00d6 Landesfeuerwehrrates vom 27. M\u00e4rz 2009 in den nieder\u00f6sterreichischen Feuerwehren offiziell eingef\u00fchrt; ihm obliegt die Erforschung und Dokumentation der Geschichte des Feuerwehrwesens. Zu den Aufgaben der Mitarbeiter des Sachgebiets z\u00e4hlt daher u. a. die Betreuung des Akten- und Fotoarchivs.<\/p>\n<h3><span style=\"color: #ff0000;\">Feuerwehrmedizinischer Dienst<\/span><\/h3>\n<p>Sachbearbeiter: FM DI (FH) SRB Robert<br \/>\nBetreuende \u00c4rztin: PFM Dr. SCHARTNER Elisabeth<\/p>\n<h3><span style=\"color: #ff0000;\">Jugendbetreuer<\/span><\/h3>\n<p>Jugendbetreuerin: SB TOYFL Sophie<br \/>\nHilfsjugendbetreuer: FM KRUMBERGER Julia<\/p>\n<h3><span style=\"color: #ff0000;\">Nachrichtendienst<\/span><\/h3>\n<p>Sachbearbeiter: SB MATZNER Oliver<br \/>\nMitarbeiter im Nachrichtendiesnt: OFM WIESMAYER Katharina<\/p>\n<p>Aufgabe des Nachrichtendienstes ist einerseits die Betreuung der Funkger\u00e4te sowie der Warn- und Alarmsysteme (Sirene, Funkrufempf\u00e4nger) in der Feuerwehr, andererseits aber auch die Schulung der als Funker ausgebildeten Kameraden durch \u00dcbungen und Fortbildungen.<\/p>\n<h3><span style=\"color: #ff0000;\">\u00d6ffentlichkeitsarbeit\u00a0 und Dokumentation<\/span><\/h3>\n<p>Sachbearbeiter: OBI STUR Matthias MSc., BSc.<br \/>\nMitarbeiter: FM SCHLEGL Katja, FM SCHRANK Johanna, FT Ing. VARGA Stefan, FM TOYFL Sophie, VARGA Elisabeth<\/p>\n<p>Das Sachgebiet \u00d6ffentlichkeitsarbeit und Dokumentation ist eng mit der Verwaltung verbunden und ist f\u00fcr vor allem f\u00fcr die photographische Dokumentation von Eins\u00e4tzen, \u00dcbungen und sonstigen Ereignissen sowie f\u00fcr die Betreuung der Homepage und des Schaukastens zust\u00e4ndig.<\/p>\n<h3><span style=\"color: #ff0000;\">Schadstoffdienst<\/span><\/h3>\n<p>Sachbearbeiter: FT Dr. IBERER G\u00fcnter<\/p>\n<h3><span style=\"color: #ff0000;\">Vorbeugender Brandschutz<\/span><\/h3>\n<p>Sachbearbeiter: EOBI Ing. STAHL Peter A.<\/p>\n<p><em>&#8222;Vorbeugen ist besser als L\u00f6schen&#8220;<\/em><\/p>\n<p><strong>1. Allgemeines<\/strong><\/p>\n<p>Der Vorbeugende Brandschutz muss Basis f\u00fcr die erforderliche Brandsicherheit eines Betriebes sein. Treten in Betrieben gro\u00dfe Brandsch\u00e4den auf, so l\u00e4sst sich in der Regel immer feststellen, dass es \u201eL\u00f6cher\u201c im praktizierten System des Vorbeugenden Brandschutzes gab.<\/p>\n<p>Es ist daher Ziel des Vorbeugenden Brandschutzes:<br \/>\n\u2022 Verhinderung einer Brandentstehung<br \/>\n\u2022 Beschr\u00e4nkung einer Brandausbreitung<br \/>\n\u2022 Sicherstellung von Flucht- und Rettungswegen<br \/>\n\u2022 Schaffung optimaler Verh\u00e4ltnisse f\u00fcr den Feuerwehreinsatz (Personenrettung und Brandbek\u00e4mpfung<\/p>\n<p><strong>2. Gesetzliche Grundlagen<\/strong><\/p>\n<p>Eine Vielzahl von bundes- und landesgesetzlichen Vorschriften beinhalten Ma\u00dfnahmen des Vor-beugenden Brandschutzes.<br \/>\nDer Gesetzgeber geht aber vermehrt dazu \u00fcber, nicht mehr konkret Ma\u00dfnahmen des vorbeugen-den Brandschutzes fest-zulegen, sondern Schutzziele vorzugeben. Hier am Beispiel der N\u00d6 Bauordnung l\u00e4sst sich klar erkennen, welche neuen Wege nunmehr der Gesetzgeber beschreitet.<\/p>\n<p>Es hei\u00dft im \u00a7 43, Abs. 1, Zif. 2 \u201eBrandschutz\u201c:<\/p>\n<p>Das Bauwerk muss derart geplant und ausgef\u00fchrt sein, dass bei einem Brand<br \/>\na) die Tragf\u00e4higkeit des Bauwerkes w\u00e4hrend eines bestimmten Zeitraumes erhalten bleibt.<br \/>\nb) die Entstehung und Ausbreitung von Feuer und Rauch innerhalb des Bauwerkes begrenzt wird.<br \/>\nc) die Ausbreitung von Feuer auf benachbarte Bauwerke begrenzt wird.<br \/>\nd) die Ben\u00fctzer das Bauwerk unverletzt verlassen oder durch andere Ma\u00dfnahmen gerettet werden k\u00f6nnen<br \/>\ne) die Sicherheit der Rettungsmannschaften ber\u00fccksichtigt ist.<\/p>\n<p><strong>3. Gliederung des Vorbeugenden Brandschutzes<\/strong><\/p>\n<p>Das Geb\u00e4ude des Vorbeugenden Brandschutzes ruht auf 3 tragenden S\u00e4ulen:<br \/>\n\u2022 Baulicher Brandschutz<br \/>\n\u2022 Betrieblicher Brandschutz<br \/>\n\u2022 Betriebstechnischer Brandschutz<\/p>\n<p><em>Baulicher Brandschutz<\/em><br \/>\nGesamtheit aller bautechnischen Ma\u00dfnahmen<br \/>\n\u2022 zur Verhinderung von Brandentstehung und Brandausbreitung<br \/>\n\u2022 zur Rettung od. Selbstrettung von Personen<br \/>\n\u2022 zur Erleichterung der Brandbek\u00e4mpfung<\/p>\n<p><em>Betrieblicher Brandschutz<\/em><br \/>\nGesamtheit aller organisatorischen Ma\u00dfnahmen<br \/>\n\u2022 zur Verh\u00fctung eines Brandausbruches<br \/>\n\u2022 zur Durchf\u00fchrung der Ersten und Erweiterten L\u00f6schhilfe<br \/>\n\u2022 zur Erleichterung der Brandbek\u00e4mpfung<\/p>\n<p><em>Betriebstechnischer Brandschutz<\/em><br \/>\nGesamtheit aller betriebstechnischen Ma\u00dfnahmen<br \/>\n\u2022 zur Verh\u00fctung eines Brandausbruches<br \/>\n\u2022 zur Durchf\u00fchrung der Ersten und Erweiterten L\u00f6schhilfe<br \/>\n\u2022 zur Erleichterung der Brandbek\u00e4mpfung<\/p>\n<p><strong>4. Aufgaben des Vorbeugenden Brandschutzes<\/strong><\/p>\n<p>Mit Ma\u00dfnahmen des Vorbeugenden Brandschutzes muss in ersten Linie eine m\u00f6glichst geringe Gef\u00e4hrdung von Personen bei Br\u00e4nden erreicht werden. Die Bedrohung von Personen wird im Brandfall in erster Linie durch Rauch bewirkt. Durch den Rauch entsteht eine Sichtbehinderung, die noch dazu das Entstehen einer Panik f\u00f6rdern kann.<br \/>\nWeiters wirkt er giftig bzw. erstickend auf alle Lebewesen. Auch die hohen Temperaturen bei einem Brand f\u00fchren zu einer Sch\u00e4digung des Organismus und tragen zur weiteren Entwicklung und Ausbreitung des Brandes bei. Das Brandgeschehen wirkt nunmehr auch auf die Geb\u00e4udekonstruktion und auf die im Geb\u00e4ude vorhandenen Waren ein.<br \/>\nEmpfindliche elektronische Ger\u00e4te aber auch andere Lagerg\u00fcter k\u00f6nnen nur vom Rauch so stark angegriffen werden, dass sie praktisch nicht mehr verwendbar sind. Die oft untersch\u00e4tzte Zerst\u00f6rungskraft eines Brandes wirkt daher sowohl auf das Geb\u00e4ude als auch auf dessen Inhalt. Um Brandentstehungen zu vermeiden, muss daher der betriebliche Brandschutz (Brandschutzordnung, Brandschutzeigenkontrolle, Brandschutzplan) lebendig organisiert\u00a0 und durch einen Brandschutzbeauftragten betreut werden.<\/p>\n<p>Durch Ma\u00dfnahmen des baulichen Brandschutzes, wie Brandabschnittsbildungen, Auswahl der Baustoffe und Bauteile, muss eine Brandausbreitung erschwert bzw. begrenzt werden. Weiters muss der bauliche Brandschutz auch das sichere Verlassen \u00fcber entsprechende Flucht- und Rettungswege sicherstellen. Mit der Einrichtung eines betriebstechnischen Brandschutzes, wie z.B. Rauch- und W\u00e4rmeabzugsanlage, Brandmeldeanlage, selbstt\u00e4tige L\u00f6schanlagen, m\u00fcssen die Ma\u00dfnahmen des baulichen und betrieblichen Brandschutzes unterst\u00fctzt werden bzw. Defizite auf diesem Gebiet kompensiert werden.<\/p>\n<p>Durch<br \/>\n\u2022 brandsicheres Bauen<br \/>\n\u2022 brandsichere Betriebsabl\u00e4ufe und<br \/>\n\u2022 brandsicheres Verhalten<br \/>\nwerden diese Schutzziele des Vorbeugenden Brandschutzes im Betrieb umgesetzt.<\/p>\n<p><strong>5. Zusammenfassung<\/strong><\/p>\n<p>Nur ein ordnungsgem\u00e4\u00df betriebener und wahrgenommener Vorbeugender Brandschutz in den Betrieben wird dazu beitragen, dass Brandf\u00e4lle verhindert werden bzw. deren Auswirkungen keine Gefahren f\u00fcr Personen und Sachen darstellen. Der Vorbeugende Brandschutz muss die entsprechenden Voraussetzungen f\u00fcr die erfolgreiche Durchf\u00fchrung von Personenrettungs- und Brandbek\u00e4mpfungsma\u00dfnahmen schaffen. Der Einsatzerfolg wird nicht ausschlie\u00dflich durch das Leistungsverm\u00f6gen der Einsatzkr\u00e4fte erreicht, sondern entscheidend von Ma\u00dfnahmen des Vorbeugenden Brandschutzes beeinflu\u00dft. Gerade die Wertdichte in den Betrieben muss zu verst\u00e4rkten Bem\u00fchungen auf dem Gebiete des Vorbeugenden Brandschutzes f\u00fchren, um Sch\u00e4den zu vermeiden. Der Vorbeugende Brandschutz darf keine l\u00e4stige Verpflichtung f\u00fcr die Betriebe werden, sondern eine wesentliche Aufgabe und Pflicht, die der Erhaltung des Betriebes dient. Er darf jedoch nicht so umfangreich wie baulich, technisch und organisatorisch m\u00f6glich, sondern den gesetzlichen Bestimmungen entsprechend und den leistbaren Bed\u00fcrfnissen des Betriebes angepasst betrieben werden.<\/p>\n<p><em>Quelle: Fachbereiche des N\u00d6LFV<\/em><\/p>\n<h3><span style=\"color: #ff0000;\">Zeugmeister<\/span><\/h3>\n<p>Zeugmeister: BM DI(FH) SRB Robert<br \/>\nGehilfe: SB FINK Oliver<br \/>\nMitarbeiter: PFM BRAUNSEIS Nikolas, PFM DUTTER Juliana, FM G\u00d6STL Ferdinand, PFM HAUCK Anika, FM SRB Lena<\/p>\n<p>K\u00fcche: LM HAUSENBERGER Eduard, UM WIESMAYER Barbara<\/p>\n<p>Die Zeugmeister sind f\u00fcr die Ausr\u00fcstung und Ger\u00e4tschaften der Feuerwehr und ihrer Mitglieder zust\u00e4ndig. Der Bogen reicht hierbei vom Beladeplan der Fahrzeuge, \u00fcber Uniformen bis hin zur Instandhaltung des Feuerwehrhauses. Auch die Verpflegung der Kameraden f\u00e4llt in den Bereich des Zeugmeister-Teams.<\/p>\n","protected":false},"excerpt":{"rendered":"<p>An der Spitze der Feuerwehr steht das Feuerwehrkommando, das in seinen Aufgaben durch mehrere Sachgebiete unterst\u00fctzt wird. Die betreffenden Chargen (Einsatzdienst und Fachdienst) werden vom Kommandant f\u00fcr die Dauer der <a class=\"more-link\" href=\"http:\/\/www.ffhennersdorf.at\/WordPress\/ueber-uns\/organisation\/\">Weiterlesen&#8230;<\/a><\/p>\n","protected":false},"author":1,"featured_media":0,"parent":18,"menu_order":0,"comment_status":"closed","ping_status":"closed","template":"","meta":{"sfsi_plus_gutenberg_text_before_share":"","sfsi_plus_gutenberg_show_text_before_share":"","sfsi_plus_gutenberg_icon_type":"","sfsi_plus_gutenberg_icon_alignemt":"","sfsi_plus_gutenburg_max_per_row":"","footnotes":""},"_links":{"self":[{"href":"http:\/\/www.ffhennersdorf.at\/WordPress\/wp-json\/wp\/v2\/pages\/22"}],"collection":[{"href":"http:\/\/www.ffhennersdorf.at\/WordPress\/wp-json\/wp\/v2\/pages"}],"about":[{"href":"http:\/\/www.ffhennersdorf.at\/WordPress\/wp-json\/wp\/v2\/types\/page"}],"author":[{"embeddable":true,"href":"http:\/\/www.ffhennersdorf.at\/WordPress\/wp-json\/wp\/v2\/users\/1"}],"replies":[{"embeddable":true,"href":"http:\/\/www.ffhennersdorf.at\/WordPress\/wp-json\/wp\/v2\/comments?post=22"}],"version-history":[{"count":25,"href":"http:\/\/www.ffhennersdorf.at\/WordPress\/wp-json\/wp\/v2\/pages\/22\/revisions"}],"predecessor-version":[{"id":13167,"href":"http:\/\/www.ffhennersdorf.at\/WordPress\/wp-json\/wp\/v2\/pages\/22\/revisions\/13167"}],"up":[{"embeddable":true,"href":"http:\/\/www.ffhennersdorf.at\/WordPress\/wp-json\/wp\/v2\/pages\/18"}],"wp:attachment":[{"href":"http:\/\/www.ffhennersdorf.at\/WordPress\/wp-json\/wp\/v2\/media?parent=22"}],"curies":[{"name":"wp","href":"https:\/\/api.w.org\/{rel}","templated":true}]}}