{"id":12,"date":"2016-04-12T13:43:24","date_gmt":"2016-04-12T11:43:24","guid":{"rendered":"http:\/\/www.ffhennersdorf.at\/WordPress\/?page_id=12"},"modified":"2024-01-10T21:00:54","modified_gmt":"2024-01-10T20:00:54","slug":"uebungen","status":"publish","type":"page","link":"https:\/\/www.ffhennersdorf.at\/WordPress\/aktivitaeten\/uebungen\/","title":{"rendered":"\u00dcbungen"},"content":{"rendered":"<h3><strong>Bisherige \u00dcbungen <\/strong><a href=\"http:\/\/www.ffhennersdorf.at\/WordPress\/category\/uebungen\/uebungen2017\/\"><span style=\"color: #000000; font-family: Calibri;\">\u00dcbungen des Jahres 2017<\/span><\/a><\/h3>\n<ul style=\"list-style-type: circle;\">\n<li><a href=\"http:\/\/www.ffhennersdorf.at\/WordPress\/category\/uebungen\/uebungen2024\/\">\u00dcbungen des Jahres 2024<\/a><\/li>\n<li><a href=\"http:\/\/www.ffhennersdorf.at\/WordPress\/category\/uebungen\/uebungen2023\/\">\u00dcbungen des Jahres 2023<\/a><\/li>\n<li><a href=\"http:\/\/www.ffhennersdorf.at\/WordPress\/category\/uebungen\/uebungen2022\/\">\u00dcbungen des Jahres 2022<\/a><\/li>\n<li><a href=\"http:\/\/www.ffhennersdorf.at\/WordPress\/category\/uebungen\/uebungen2021\/\">\u00dcbungen des Jahres 2021<\/a><\/li>\n<li><a href=\"http:\/\/www.ffhennersdorf.at\/WordPress\/category\/uebungen\/uebungen2020\/\">\u00dcbungen des Jahres 2020<\/a><\/li>\n<li><a href=\"http:\/\/www.ffhennersdorf.at\/WordPress\/category\/uebungen\/uebungen2019\/\"><span style=\"color: #000000; font-family: Calibri;\">\u00dcbungen des Jahres 2019<\/span><\/a><\/li>\n<li><a href=\"http:\/\/www.ffhennersdorf.at\/WordPress\/category\/uebungen\/uebungen2018\/\"><span style=\"color: #000000; font-family: Calibri;\">\u00dcbungen des Jahres 2018<\/span><\/a><\/li>\n<li><a href=\"http:\/\/www.ffhennersdorf.at\/WordPress\/category\/uebungen\/uebungen2017\/\"><span style=\"color: #000000; font-family: Calibri;\">\u00dcbungen des Jahres 2017<\/span><\/a><\/li>\n<li><a href=\"http:\/\/www.ffhennersdorf.at\/WordPress\/category\/uebungen\/uebungen2016\/\"><span style=\"color: #000000; font-family: Calibri;\">\u00dcbungen des Jahres 2016<\/span><\/a><\/li>\n<li><a href=\"http:\/\/www.ffhennersdorf.at\/Web\/uebungen15.html\" target=\"_blank\" rel=\"noopener noreferrer\"><span style=\"color: #000000; font-family: Calibri;\">\u00dcbungen des Jahres 2015 (alte Website)<\/span><\/a><\/li>\n<li><a href=\"http:\/\/www.ffhennersdorf.at\/Web\/uebungen14.html\"><span style=\"color: #000000; font-family: Calibri;\">\u00dcbungen des Jahres 2014 (alte Website)<\/span><\/a><\/li>\n<li><a href=\"http:\/\/www.ffhennersdorf.at\/Web\/uebungen13.html\" target=\"_blank\" rel=\"noopener noreferrer\"><span style=\"color: #000000; font-family: Calibri;\">\u00dcbungen des Jahres 2013 (alte Website)<\/span><\/a><\/li>\n<li><a href=\"http:\/\/www.ffhennersdorf.at\/Web\/uebungen12.html\" target=\"_blank\" rel=\"noopener noreferrer\"><span style=\"color: #000000; font-family: Calibri;\">\u00dcbungen des Jahres 2012 (alte Website)<\/span><\/a><\/li>\n<li><a href=\"http:\/\/www.ffhennersdorf.at\/Web\/uebungen11.html\" target=\"_blank\" rel=\"noopener noreferrer\"><span style=\"color: #000000; font-family: Calibri;\">\u00dcbungen des Jahres 2011 (alte Website)<\/span><\/a><\/li>\n<li><a href=\"http:\/\/www.ffhennersdorf.at\/Web\/uebungen10.html\" target=\"_blank\" rel=\"noopener noreferrer\"><span style=\"color: #000000; font-family: Calibri;\">\u00dcbungen des Jahres 2010 (alte Website)<\/span><\/a><\/li>\n<li><a href=\"http:\/\/www.ffhennersdorf.at\/Web\/uebungen09.html\" target=\"_blank\" rel=\"noopener noreferrer\"><span style=\"color: #000000; font-family: Calibri;\">\u00dcbungen des Jahres 2009 (alte Website)<\/span><\/a><\/li>\n<li><a href=\"http:\/\/www.ffhennersdorf.at\/Web\/uebungen08.html\" target=\"_blank\" rel=\"noopener noreferrer\"><span style=\"color: #000000; font-family: Calibri;\">\u00dcbungen des Jahres 2008 (alte Website)<\/span><\/a><\/li>\n<li><a href=\"http:\/\/www.ffhennersdorf.at\/Web\/uebungen07.html\" target=\"_blank\" rel=\"noopener noreferrer\"><span style=\"color: #000000; font-family: Calibri;\">\u00dcbungen des Jahres 2007 (alte Website)<\/span><\/a><\/li>\n<li><a href=\"http:\/\/www.ffhennersdorf.at\/Web\/uebungen06.html\" target=\"_blank\" rel=\"noopener noreferrer\"><span style=\"color: #000000; font-family: Calibri;\">\u00dcbungen des Jahres 2006 (alte Website)<\/span><\/a><\/li>\n<\/ul>\n<div data-carousel-extra='{\"blog_id\":1,\"permalink\":\"https:\\\/\\\/www.ffhennersdorf.at\\\/WordPress\\\/aktivitaeten\\\/uebungen\\\/\"}' class=\"tiled-gallery type-rectangular\" data-original-width=\"780\"><div class=\"gallery-row\" style=\"width: 775px; height: 544px;\"><div class=\"gallery-group images-2\" style=\"width: 408px; height: 548px;\"><div class=\"tiled-gallery-item tiled-gallery-item-large\"><a href=\"https:\/\/www.ffhennersdorf.at\/WordPress\/aktivitaeten\/uebungen\/dsc01837\/#main\"><img loading=\"lazy\" decoding=\"async\" data-attachment-id=\"286\" data-orig-file=\"https:\/\/www.ffhennersdorf.at\/WordPress\/wp-content\/uploads\/2016\/04\/DSC01837.jpg\" data-orig-size=\"4240,2832\" data-comments-opened=\"1\" data-image-meta=\"{&quot;aperture&quot;:&quot;4.5&quot;,&quot;credit&quot;:&quot;&quot;,&quot;camera&quot;:&quot;ILCE-5100&quot;,&quot;caption&quot;:&quot;&quot;,&quot;created_timestamp&quot;:&quot;1462907383&quot;,&quot;copyright&quot;:&quot;&quot;,&quot;focal_length&quot;:&quot;59&quot;,&quot;iso&quot;:&quot;320&quot;,&quot;shutter_speed&quot;:&quot;0.00625&quot;,&quot;title&quot;:&quot;&quot;,&quot;orientation&quot;:&quot;1&quot;}\" data-image-title=\"Feuerwehr\" data-image-description=\"\" data-medium-file=\"https:\/\/www.ffhennersdorf.at\/WordPress\/wp-content\/uploads\/2016\/04\/DSC01837-300x200.jpg\" data-large-file=\"https:\/\/www.ffhennersdorf.at\/WordPress\/wp-content\/uploads\/2016\/04\/DSC01837-1024x684.jpg\" src=\"https:\/\/www.ffhennersdorf.at\/WordPress\/wp-content\/uploads\/2016\/04\/DSC01837-404x270.jpg\" width=\"404\" height=\"270\" align=\"left\" title=\"Feuerwehr\" \/><\/a><\/div><div class=\"tiled-gallery-item tiled-gallery-item-large\"><a href=\"https:\/\/www.ffhennersdorf.at\/WordPress\/aktivitaeten\/uebungen\/dsc01888\/#main\"><img loading=\"lazy\" decoding=\"async\" data-attachment-id=\"315\" data-orig-file=\"https:\/\/www.ffhennersdorf.at\/WordPress\/wp-content\/uploads\/2016\/04\/DSC01888.jpg\" data-orig-size=\"4240,2832\" data-comments-opened=\"1\" data-image-meta=\"{&quot;aperture&quot;:&quot;6.3&quot;,&quot;credit&quot;:&quot;&quot;,&quot;camera&quot;:&quot;ILCE-5100&quot;,&quot;caption&quot;:&quot;&quot;,&quot;created_timestamp&quot;:&quot;1462908093&quot;,&quot;copyright&quot;:&quot;&quot;,&quot;focal_length&quot;:&quot;210&quot;,&quot;iso&quot;:&quot;1250&quot;,&quot;shutter_speed&quot;:&quot;0.0025&quot;,&quot;title&quot;:&quot;&quot;,&quot;orientation&quot;:&quot;1&quot;}\" data-image-title=\"Uebung\" data-image-description=\"\" data-medium-file=\"https:\/\/www.ffhennersdorf.at\/WordPress\/wp-content\/uploads\/2016\/04\/DSC01888-300x200.jpg\" data-large-file=\"https:\/\/www.ffhennersdorf.at\/WordPress\/wp-content\/uploads\/2016\/04\/DSC01888-1024x684.jpg\" src=\"https:\/\/www.ffhennersdorf.at\/WordPress\/wp-content\/uploads\/2016\/04\/DSC01888-404x270.jpg\" width=\"404\" height=\"270\" align=\"left\" title=\"Uebung\" \/><\/a><\/div><\/div><div class=\"gallery-group images-1\" style=\"width: 367px; height: 548px;\"><div class=\"tiled-gallery-item tiled-gallery-item-large\"><a href=\"https:\/\/www.ffhennersdorf.at\/WordPress\/ueber-uns\/organisation\/dsc02051\/#main\"><img loading=\"lazy\" decoding=\"async\" data-attachment-id=\"279\" data-orig-file=\"https:\/\/www.ffhennersdorf.at\/WordPress\/wp-content\/uploads\/2016\/04\/DSC02051.jpg\" data-orig-size=\"2832,4240\" data-comments-opened=\"1\" data-image-meta=\"{&quot;aperture&quot;:&quot;5.6&quot;,&quot;credit&quot;:&quot;&quot;,&quot;camera&quot;:&quot;ILCE-5100&quot;,&quot;caption&quot;:&quot;&quot;,&quot;created_timestamp&quot;:&quot;1462909854&quot;,&quot;copyright&quot;:&quot;&quot;,&quot;focal_length&quot;:&quot;94&quot;,&quot;iso&quot;:&quot;400&quot;,&quot;shutter_speed&quot;:&quot;0.00625&quot;,&quot;title&quot;:&quot;&quot;,&quot;orientation&quot;:&quot;8&quot;}\" data-image-title=\"Feuerwehr\" data-image-description=\"\" data-medium-file=\"https:\/\/www.ffhennersdorf.at\/WordPress\/wp-content\/uploads\/2016\/04\/DSC02051-200x300.jpg\" data-large-file=\"https:\/\/www.ffhennersdorf.at\/WordPress\/wp-content\/uploads\/2016\/04\/DSC02051-684x1024.jpg\" src=\"https:\/\/www.ffhennersdorf.at\/WordPress\/wp-content\/uploads\/2016\/04\/DSC02051-363x544.jpg\" width=\"363\" height=\"544\" align=\"left\" title=\"Feuerwehr\" \/><\/a><\/div><\/div><\/div><div class=\"gallery-row\" style=\"width: 775px; height: 359px;\"><div class=\"gallery-group images-1\" style=\"width: 541px; height: 363px;\"><div class=\"tiled-gallery-item tiled-gallery-item-large\"><a href=\"https:\/\/www.ffhennersdorf.at\/WordPress\/ueber-uns\/organisation\/dsc02064\/#main\"><img loading=\"lazy\" decoding=\"async\" data-attachment-id=\"280\" data-orig-file=\"https:\/\/www.ffhennersdorf.at\/WordPress\/wp-content\/uploads\/2016\/04\/DSC02064.jpg\" data-orig-size=\"3573,2385\" data-comments-opened=\"1\" data-image-meta=\"{&quot;aperture&quot;:&quot;4.5&quot;,&quot;credit&quot;:&quot;&quot;,&quot;camera&quot;:&quot;ILCE-5100&quot;,&quot;caption&quot;:&quot;&quot;,&quot;created_timestamp&quot;:&quot;1462910101&quot;,&quot;copyright&quot;:&quot;&quot;,&quot;focal_length&quot;:&quot;55&quot;,&quot;iso&quot;:&quot;640&quot;,&quot;shutter_speed&quot;:&quot;0.00625&quot;,&quot;title&quot;:&quot;&quot;,&quot;orientation&quot;:&quot;1&quot;}\" data-image-title=\"Feuerwehr\" data-image-description=\"\" data-medium-file=\"https:\/\/www.ffhennersdorf.at\/WordPress\/wp-content\/uploads\/2016\/04\/DSC02064-300x200.jpg\" data-large-file=\"https:\/\/www.ffhennersdorf.at\/WordPress\/wp-content\/uploads\/2016\/04\/DSC02064-1024x684.jpg\" src=\"https:\/\/www.ffhennersdorf.at\/WordPress\/wp-content\/uploads\/2016\/04\/DSC02064-537x359.jpg\" width=\"537\" height=\"359\" align=\"left\" title=\"Feuerwehr\" \/><\/a><\/div><\/div><div class=\"gallery-group images-1\" style=\"width: 234px; height: 363px;\"><div class=\"tiled-gallery-item tiled-gallery-item-small\"><a href=\"https:\/\/www.ffhennersdorf.at\/WordPress\/ueber-uns\/organisation\/dsc02049\/#main\"><img loading=\"lazy\" decoding=\"async\" data-attachment-id=\"278\" data-orig-file=\"https:\/\/www.ffhennersdorf.at\/WordPress\/wp-content\/uploads\/2016\/04\/DSC02049.jpg\" data-orig-size=\"1816,2832\" data-comments-opened=\"1\" data-image-meta=\"{&quot;aperture&quot;:&quot;4.5&quot;,&quot;credit&quot;:&quot;&quot;,&quot;camera&quot;:&quot;ILCE-5100&quot;,&quot;caption&quot;:&quot;&quot;,&quot;created_timestamp&quot;:&quot;1462909790&quot;,&quot;copyright&quot;:&quot;&quot;,&quot;focal_length&quot;:&quot;55&quot;,&quot;iso&quot;:&quot;1600&quot;,&quot;shutter_speed&quot;:&quot;0.00625&quot;,&quot;title&quot;:&quot;&quot;,&quot;orientation&quot;:&quot;1&quot;}\" data-image-title=\"Feuerwehr\" data-image-description=\"\" data-medium-file=\"https:\/\/www.ffhennersdorf.at\/WordPress\/wp-content\/uploads\/2016\/04\/DSC02049-192x300.jpg\" data-large-file=\"https:\/\/www.ffhennersdorf.at\/WordPress\/wp-content\/uploads\/2016\/04\/DSC02049-657x1024.jpg\" src=\"https:\/\/www.ffhennersdorf.at\/WordPress\/wp-content\/uploads\/2016\/04\/DSC02049-230x359.jpg\" width=\"230\" height=\"359\" align=\"left\" title=\"Feuerwehr\" \/><\/a><\/div><\/div><\/div><div class=\"gallery-row\" style=\"width: 775px; height: 354px;\"><div class=\"gallery-group images-1\" style=\"width: 241px; height: 358px;\"><div class=\"tiled-gallery-item tiled-gallery-item-small\"><a href=\"https:\/\/www.ffhennersdorf.at\/WordPress\/ueber-uns\/organisation\/dsc01882\/#main\"><img loading=\"lazy\" decoding=\"async\" data-attachment-id=\"277\" data-orig-file=\"https:\/\/www.ffhennersdorf.at\/WordPress\/wp-content\/uploads\/2016\/04\/DSC01882.jpg\" data-orig-size=\"2832,4240\" data-comments-opened=\"1\" data-image-meta=\"{&quot;aperture&quot;:&quot;6.3&quot;,&quot;credit&quot;:&quot;&quot;,&quot;camera&quot;:&quot;ILCE-5100&quot;,&quot;caption&quot;:&quot;&quot;,&quot;created_timestamp&quot;:&quot;1462908044&quot;,&quot;copyright&quot;:&quot;&quot;,&quot;focal_length&quot;:&quot;210&quot;,&quot;iso&quot;:&quot;1600&quot;,&quot;shutter_speed&quot;:&quot;0.0025&quot;,&quot;title&quot;:&quot;&quot;,&quot;orientation&quot;:&quot;8&quot;}\" data-image-title=\"Feuerwehr\" data-image-description=\"\" data-medium-file=\"https:\/\/www.ffhennersdorf.at\/WordPress\/wp-content\/uploads\/2016\/04\/DSC01882-200x300.jpg\" data-large-file=\"https:\/\/www.ffhennersdorf.at\/WordPress\/wp-content\/uploads\/2016\/04\/DSC01882-684x1024.jpg\" src=\"https:\/\/www.ffhennersdorf.at\/WordPress\/wp-content\/uploads\/2016\/04\/DSC01882-237x354.jpg\" width=\"237\" height=\"354\" align=\"left\" title=\"Feuerwehr\" \/><\/a><\/div><\/div><div class=\"gallery-group images-1\" style=\"width: 534px; height: 358px;\"><div class=\"tiled-gallery-item tiled-gallery-item-large\"><a href=\"https:\/\/www.ffhennersdorf.at\/WordPress\/aktivitaeten\/uebungen\/dsc01839\/#main\"><img loading=\"lazy\" decoding=\"async\" data-attachment-id=\"287\" data-orig-file=\"https:\/\/www.ffhennersdorf.at\/WordPress\/wp-content\/uploads\/2016\/04\/DSC01839.jpg\" data-orig-size=\"4240,2832\" data-comments-opened=\"1\" data-image-meta=\"{&quot;aperture&quot;:&quot;5&quot;,&quot;credit&quot;:&quot;&quot;,&quot;camera&quot;:&quot;ILCE-5100&quot;,&quot;caption&quot;:&quot;&quot;,&quot;created_timestamp&quot;:&quot;1462907675&quot;,&quot;copyright&quot;:&quot;&quot;,&quot;focal_length&quot;:&quot;88&quot;,&quot;iso&quot;:&quot;400&quot;,&quot;shutter_speed&quot;:&quot;0.00625&quot;,&quot;title&quot;:&quot;&quot;,&quot;orientation&quot;:&quot;1&quot;}\" data-image-title=\"Feuerwehr\" data-image-description=\"\" data-medium-file=\"https:\/\/www.ffhennersdorf.at\/WordPress\/wp-content\/uploads\/2016\/04\/DSC01839-300x200.jpg\" data-large-file=\"https:\/\/www.ffhennersdorf.at\/WordPress\/wp-content\/uploads\/2016\/04\/DSC01839-1024x684.jpg\" src=\"https:\/\/www.ffhennersdorf.at\/WordPress\/wp-content\/uploads\/2016\/04\/DSC01839-530x354.jpg\" width=\"530\" height=\"354\" align=\"left\" title=\"Feuerwehr\" \/><\/a><\/div><\/div><\/div><\/div>\n","protected":false},"excerpt":{"rendered":"<p>Bisherige \u00dcbungen \u00dcbungen des Jahres 2017 \u00dcbungen des Jahres 2024 \u00dcbungen des Jahres 2023 \u00dcbungen des Jahres 2022 \u00dcbungen des Jahres 2021 \u00dcbungen des Jahres 2020 \u00dcbungen des Jahres 2019 <a class=\"more-link\" href=\"https:\/\/www.ffhennersdorf.at\/WordPress\/aktivitaeten\/uebungen\/\">Weiterlesen&#8230;<\/a><\/p>\n","protected":false},"author":1,"featured_media":347,"parent":8,"menu_order":0,"comment_status":"closed","ping_status":"closed","template":"","meta":{"sfsi_plus_gutenberg_text_before_share":"","sfsi_plus_gutenberg_show_text_before_share":"","sfsi_plus_gutenberg_icon_type":"","sfsi_plus_gutenberg_icon_alignemt":"","sfsi_plus_gutenburg_max_per_row":"","footnotes":""},"_links":{"self":[{"href":"https:\/\/www.ffhennersdorf.at\/WordPress\/wp-json\/wp\/v2\/pages\/12"}],"collection":[{"href":"https:\/\/www.ffhennersdorf.at\/WordPress\/wp-json\/wp\/v2\/pages"}],"about":[{"href":"https:\/\/www.ffhennersdorf.at\/WordPress\/wp-json\/wp\/v2\/types\/page"}],"author":[{"embeddable":true,"href":"https:\/\/www.ffhennersdorf.at\/WordPress\/wp-json\/wp\/v2\/users\/1"}],"replies":[{"embeddable":true,"href":"https:\/\/www.ffhennersdorf.at\/WordPress\/wp-json\/wp\/v2\/comments?post=12"}],"version-history":[{"count":12,"href":"https:\/\/www.ffhennersdorf.at\/WordPress\/wp-json\/wp\/v2\/pages\/12\/revisions"}],"predecessor-version":[{"id":12800,"href":"https:\/\/www.ffhennersdorf.at\/WordPress\/wp-json\/wp\/v2\/pages\/12\/revisions\/12800"}],"up":[{"embeddable":true,"href":"https:\/\/www.ffhennersdorf.at\/WordPress\/wp-json\/wp\/v2\/pages\/8"}],"wp:featuredmedia":[{"embeddable":true,"href":"https:\/\/www.ffhennersdorf.at\/WordPress\/wp-json\/wp\/v2\/media\/347"}],"wp:attachment":[{"href":"https:\/\/www.ffhennersdorf.at\/WordPress\/wp-json\/wp\/v2\/media?parent=12"}],"curies":[{"name":"wp","href":"https:\/\/api.w.org\/{rel}","templated":true}]}}