{"id":173,"date":"2016-05-16T22:56:29","date_gmt":"2016-05-16T20:56:29","guid":{"rendered":"http:\/\/www.ffhennersdorf.at\/WordPress\/?page_id=173"},"modified":"2026-01-08T09:02:49","modified_gmt":"2026-01-08T08:02:49","slug":"aktivitaeten-2","status":"publish","type":"page","link":"https:\/\/www.ffhennersdorf.at\/WordPress\/aktivitaeten\/aktivitaeten-2\/","title":{"rendered":"Aktivit\u00e4ten"},"content":{"rendered":"<p><strong>Aktivit\u00e4ten der Feuerwehrjugend finden Sie <a href=\"http:\/\/www.ffhennersdorf.at\/WordPress\/ueber-uns\/feuerwehr-jugend\/aktivitaeten-der-feuerwehrjungend\/\">hier &gt;&gt;<\/a><\/strong><\/p>\n<h3><strong>Bisherige Aktivit\u00e4ten:<\/strong><\/h3>\n<ul>\n<li><a href=\"http:\/\/www.ffhennersdorf.at\/WordPress\/category\/aktivitaeten\/aktivitaeten2026\/\">Aktivit\u00e4ten des Jahres 2026<\/a><\/li>\n<li><a href=\"http:\/\/www.ffhennersdorf.at\/WordPress\/category\/aktivitaeten\/aktivitaeten2025\/\">Aktivit\u00e4ten des Jahres 2025<\/a><\/li>\n<li><a href=\"http:\/\/www.ffhennersdorf.at\/WordPress\/category\/aktivitaeten\/aktivitaeten2024\/\">Aktivit\u00e4ten des Jahres 2024<\/a><\/li>\n<li><a href=\"http:\/\/www.ffhennersdorf.at\/WordPress\/category\/aktivitaeten\/aktivitaeten2023\/\">Aktivit\u00e4ten des Jahres 2023<\/a><\/li>\n<li><a href=\"http:\/\/www.ffhennersdorf.at\/WordPress\/category\/aktivitaeten\/aktivitaeten2022\/\">Aktivit\u00e4ten des Jahres 2022<\/a><\/li>\n<li><a href=\"http:\/\/www.ffhennersdorf.at\/WordPress\/category\/aktivitaeten\/aktivitaeten2021\/\">Aktivit\u00e4ten des Jahres 2021<\/a><\/li>\n<li><a href=\"http:\/\/www.ffhennersdorf.at\/WordPress\/category\/aktivitaeten\/aktivitaeten2020\/\">Aktivit\u00e4ten des Jahres 2020<\/a><\/li>\n<li><a href=\"http:\/\/www.ffhennersdorf.at\/WordPress\/category\/aktivitaeten\/aktivitaeten2019\/\">Aktivit\u00e4ten des Jahres 2019<\/a><\/li>\n<li><a href=\"http:\/\/www.ffhennersdorf.at\/WordPress\/category\/aktivitaeten\/aktivitaeten-2018\/\">Aktivit\u00e4ten des Jahres 2018<\/a><\/li>\n<li><a href=\"http:\/\/www.ffhennersdorf.at\/WordPress\/category\/aktivitaeten\/aktivitaeten2017\/\">Aktivit\u00e4ten des Jahres 2017<\/a><\/li>\n<li><a href=\"http:\/\/www.ffhennersdorf.at\/WordPress\/?cat=6\">Aktivit\u00e4ten des Jahres 2016<\/a><\/li>\n<li><a href=\"http:\/\/www.ffhennersdorf.at\/Web\/aktivitaeten15.html\" target=\"_blank\" rel=\"noopener noreferrer\">Aktivit\u00e4ten des Jahres 2015 (alte Website)<\/a><\/li>\n<li><a href=\"http:\/\/www.ffhennersdorf.at\/Web\/aktivitaeten14.html\" target=\"_blank\" rel=\"noopener noreferrer\">Aktivit\u00e4ten des Jahres 2014 (alte Website)<\/a><\/li>\n<li><a href=\"http:\/\/www.ffhennersdorf.at\/Web\/aktivitaeten13.html\" target=\"_blank\" rel=\"noopener noreferrer\">Aktivit\u00e4ten des Jahres 2013 (alte Website)<\/a><\/li>\n<li><a href=\"http:\/\/www.ffhennersdorf.at\/Web\/aktivitaeten12.html\" target=\"_blank\" rel=\"noopener noreferrer\">Aktivit\u00e4ten des Jahres 2012 (alte Website)<\/a><\/li>\n<li><a href=\"http:\/\/www.ffhennersdorf.at\/Web\/aktivitaeten11.html\" target=\"_blank\" rel=\"noopener noreferrer\">Aktivit\u00e4ten des Jahres 2011 (alte Website)<\/a><\/li>\n<li><a href=\"http:\/\/www.ffhennersdorf.at\/Web\/aktivitaeten10.html\" target=\"_blank\" rel=\"noopener noreferrer\">Aktivit\u00e4ten des Jahres 2010 (alte Website)<\/a><\/li>\n<li><a href=\"http:\/\/www.ffhennersdorf.at\/Web\/aktivitaeten09.html\" target=\"_blank\" rel=\"noopener noreferrer\">Aktivit\u00e4ten des Jahres 2009 (alte Website)<\/a><\/li>\n<li><a href=\"http:\/\/www.ffhennersdorf.at\/Web\/aktivitaeten08.html\" target=\"_blank\" rel=\"noopener noreferrer\">Aktivit\u00e4ten des Jahres 2008 (alte Website)<\/a><\/li>\n<li><a href=\"http:\/\/www.ffhennersdorf.at\/Web\/aktivitaeten07.html\" target=\"_blank\" rel=\"noopener noreferrer\">Aktivit\u00e4ten des Jahres 2007 (alte Website)<\/a><\/li>\n<li><a href=\"http:\/\/www.ffhennersdorf.at\/Web\/aktivitaeten06.html\" target=\"_blank\" rel=\"noopener noreferrer\">Aktivit\u00e4ten des Jahres 2006 (alte Website)<\/a><\/li>\n<\/ul>\n<div data-carousel-extra='{\"blog_id\":1,\"permalink\":\"https:\\\/\\\/www.ffhennersdorf.at\\\/WordPress\\\/aktivitaeten\\\/aktivitaeten-2\\\/\"}' class=\"tiled-gallery type-rectangular\" data-original-width=\"780\"><div class=\"gallery-row\" style=\"width: 775px; height: 349px;\"><div class=\"gallery-group images-1\" style=\"width: 527px; height: 353px;\"><div class=\"tiled-gallery-item tiled-gallery-item-large\"><a href=\"https:\/\/www.ffhennersdorf.at\/WordPress\/aktivitaeten\/aktivitaeten-2\/aktivitaeten-17\/#main\"><img loading=\"lazy\" decoding=\"async\" data-attachment-id=\"339\" data-orig-file=\"https:\/\/www.ffhennersdorf.at\/WordPress\/wp-content\/uploads\/2016\/05\/Aktivitaeten-17.jpg\" data-orig-size=\"1600,1069\" data-comments-opened=\"1\" data-image-meta=\"{&quot;aperture&quot;:&quot;0&quot;,&quot;credit&quot;:&quot;&quot;,&quot;camera&quot;:&quot;&quot;,&quot;caption&quot;:&quot;&quot;,&quot;created_timestamp&quot;:&quot;0&quot;,&quot;copyright&quot;:&quot;&quot;,&quot;focal_length&quot;:&quot;0&quot;,&quot;iso&quot;:&quot;0&quot;,&quot;shutter_speed&quot;:&quot;0&quot;,&quot;title&quot;:&quot;&quot;,&quot;orientation&quot;:&quot;0&quot;}\" data-image-title=\"Aktivitaeten (17)\" data-image-description=\"\" data-medium-file=\"https:\/\/www.ffhennersdorf.at\/WordPress\/wp-content\/uploads\/2016\/05\/Aktivitaeten-17-300x200.jpg\" data-large-file=\"https:\/\/www.ffhennersdorf.at\/WordPress\/wp-content\/uploads\/2016\/05\/Aktivitaeten-17-1024x684.jpg\" src=\"https:\/\/www.ffhennersdorf.at\/WordPress\/wp-content\/uploads\/2016\/05\/Aktivitaeten-17-523x349.jpg\" width=\"523\" height=\"349\" align=\"left\" title=\"Aktivitaeten (17)\" \/><\/a><\/div><\/div><div class=\"gallery-group images-2\" style=\"width: 248px; height: 353px;\"><div class=\"tiled-gallery-item tiled-gallery-item-small\"><a href=\"https:\/\/www.ffhennersdorf.at\/WordPress\/aktivitaeten\/aktivitaeten-2\/aktivitaeten-19\/#main\"><img loading=\"lazy\" decoding=\"async\" data-attachment-id=\"341\" data-orig-file=\"https:\/\/www.ffhennersdorf.at\/WordPress\/wp-content\/uploads\/2016\/05\/Aktivitaeten-19.jpg\" data-orig-size=\"1209,907\" data-comments-opened=\"1\" data-image-meta=\"{&quot;aperture&quot;:&quot;0&quot;,&quot;credit&quot;:&quot;&quot;,&quot;camera&quot;:&quot;&quot;,&quot;caption&quot;:&quot;&quot;,&quot;created_timestamp&quot;:&quot;0&quot;,&quot;copyright&quot;:&quot;&quot;,&quot;focal_length&quot;:&quot;0&quot;,&quot;iso&quot;:&quot;0&quot;,&quot;shutter_speed&quot;:&quot;0&quot;,&quot;title&quot;:&quot;&quot;,&quot;orientation&quot;:&quot;0&quot;}\" data-image-title=\"Aktivitaeten (19)\" data-image-description=\"\" data-medium-file=\"https:\/\/www.ffhennersdorf.at\/WordPress\/wp-content\/uploads\/2016\/05\/Aktivitaeten-19-300x225.jpg\" data-large-file=\"https:\/\/www.ffhennersdorf.at\/WordPress\/wp-content\/uploads\/2016\/05\/Aktivitaeten-19-1024x768.jpg\" src=\"https:\/\/www.ffhennersdorf.at\/WordPress\/wp-content\/uploads\/2016\/05\/Aktivitaeten-19-244x183.jpg\" width=\"244\" height=\"183\" align=\"left\" title=\"Aktivitaeten (19)\" \/><\/a><\/div><div class=\"tiled-gallery-item tiled-gallery-item-small\"><a href=\"https:\/\/www.ffhennersdorf.at\/WordPress\/aktivitaeten\/aktivitaeten-2\/aktivitaeten-23\/#main\"><img loading=\"lazy\" decoding=\"async\" data-attachment-id=\"345\" data-orig-file=\"https:\/\/www.ffhennersdorf.at\/WordPress\/wp-content\/uploads\/2016\/05\/Aktivitaeten-23.jpg\" data-orig-size=\"600,399\" data-comments-opened=\"1\" data-image-meta=\"{&quot;aperture&quot;:&quot;5.6&quot;,&quot;credit&quot;:&quot;&quot;,&quot;camera&quot;:&quot;NIKON D90&quot;,&quot;caption&quot;:&quot;&quot;,&quot;created_timestamp&quot;:&quot;1461492098&quot;,&quot;copyright&quot;:&quot;&quot;,&quot;focal_length&quot;:&quot;62&quot;,&quot;iso&quot;:&quot;200&quot;,&quot;shutter_speed&quot;:&quot;0.002&quot;,&quot;title&quot;:&quot;&quot;,&quot;orientation&quot;:&quot;1&quot;}\" data-image-title=\"Aktivitaeten (23)\" data-image-description=\"\" data-medium-file=\"https:\/\/www.ffhennersdorf.at\/WordPress\/wp-content\/uploads\/2016\/05\/Aktivitaeten-23-300x200.jpg\" data-large-file=\"https:\/\/www.ffhennersdorf.at\/WordPress\/wp-content\/uploads\/2016\/05\/Aktivitaeten-23.jpg\" src=\"https:\/\/www.ffhennersdorf.at\/WordPress\/wp-content\/uploads\/2016\/05\/Aktivitaeten-23-244x162.jpg\" width=\"244\" height=\"162\" align=\"left\" title=\"Aktivitaeten (23)\" \/><\/a><\/div><\/div><\/div><div class=\"gallery-row\" style=\"width: 775px; height: 574px;\"><div class=\"gallery-group images-1\" style=\"width: 388px; height: 578px;\"><div class=\"tiled-gallery-item tiled-gallery-item-large\"><a href=\"https:\/\/www.ffhennersdorf.at\/WordPress\/aktivitaeten\/aktivitaeten-2\/aktivitaeten-18\/#main\"><img loading=\"lazy\" decoding=\"async\" data-attachment-id=\"340\" data-orig-file=\"https:\/\/www.ffhennersdorf.at\/WordPress\/wp-content\/uploads\/2016\/05\/Aktivitaeten-18.jpg\" data-orig-size=\"641,960\" data-comments-opened=\"1\" data-image-meta=\"{&quot;aperture&quot;:&quot;0&quot;,&quot;credit&quot;:&quot;&quot;,&quot;camera&quot;:&quot;&quot;,&quot;caption&quot;:&quot;&quot;,&quot;created_timestamp&quot;:&quot;0&quot;,&quot;copyright&quot;:&quot;&quot;,&quot;focal_length&quot;:&quot;0&quot;,&quot;iso&quot;:&quot;0&quot;,&quot;shutter_speed&quot;:&quot;0&quot;,&quot;title&quot;:&quot;&quot;,&quot;orientation&quot;:&quot;0&quot;}\" data-image-title=\"Aktivitaeten (18)\" data-image-description=\"\" data-medium-file=\"https:\/\/www.ffhennersdorf.at\/WordPress\/wp-content\/uploads\/2016\/05\/Aktivitaeten-18-200x300.jpg\" data-large-file=\"https:\/\/www.ffhennersdorf.at\/WordPress\/wp-content\/uploads\/2016\/05\/Aktivitaeten-18.jpg\" src=\"https:\/\/www.ffhennersdorf.at\/WordPress\/wp-content\/uploads\/2016\/05\/Aktivitaeten-18-384x574.jpg\" width=\"384\" height=\"574\" align=\"left\" title=\"Aktivitaeten (18)\" \/><\/a><\/div><\/div><div class=\"gallery-group images-1\" style=\"width: 387px; height: 578px;\"><div class=\"tiled-gallery-item tiled-gallery-item-large\"><a href=\"https:\/\/www.ffhennersdorf.at\/WordPress\/aktivitaeten\/aktivitaeten-2\/aktivitaeten-22\/#main\"><img loading=\"lazy\" decoding=\"async\" data-attachment-id=\"344\" data-orig-file=\"https:\/\/www.ffhennersdorf.at\/WordPress\/wp-content\/uploads\/2016\/05\/Aktivitaeten-22.jpg\" data-orig-size=\"641,960\" data-comments-opened=\"1\" data-image-meta=\"{&quot;aperture&quot;:&quot;0&quot;,&quot;credit&quot;:&quot;&quot;,&quot;camera&quot;:&quot;&quot;,&quot;caption&quot;:&quot;&quot;,&quot;created_timestamp&quot;:&quot;0&quot;,&quot;copyright&quot;:&quot;&quot;,&quot;focal_length&quot;:&quot;0&quot;,&quot;iso&quot;:&quot;0&quot;,&quot;shutter_speed&quot;:&quot;0&quot;,&quot;title&quot;:&quot;&quot;,&quot;orientation&quot;:&quot;0&quot;}\" data-image-title=\"Aktivitaeten (22)\" data-image-description=\"\" data-medium-file=\"https:\/\/www.ffhennersdorf.at\/WordPress\/wp-content\/uploads\/2016\/05\/Aktivitaeten-22-200x300.jpg\" data-large-file=\"https:\/\/www.ffhennersdorf.at\/WordPress\/wp-content\/uploads\/2016\/05\/Aktivitaeten-22.jpg\" src=\"https:\/\/www.ffhennersdorf.at\/WordPress\/wp-content\/uploads\/2016\/05\/Aktivitaeten-22-383x574.jpg\" width=\"383\" height=\"574\" align=\"left\" title=\"Aktivitaeten (22)\" \/><\/a><\/div><\/div><\/div><div class=\"gallery-row\" style=\"width: 775px; height: 369px;\"><div class=\"gallery-group images-2\" style=\"width: 278px; height: 373px;\"><div class=\"tiled-gallery-item tiled-gallery-item-large\"><a href=\"https:\/\/www.ffhennersdorf.at\/WordPress\/aktivitaeten\/aktivitaeten-2\/aktivitaeten-21\/#main\"><img loading=\"lazy\" decoding=\"async\" data-attachment-id=\"343\" data-orig-file=\"https:\/\/www.ffhennersdorf.at\/WordPress\/wp-content\/uploads\/2016\/05\/Aktivitaeten-21.jpg\" data-orig-size=\"960,641\" data-comments-opened=\"1\" data-image-meta=\"{&quot;aperture&quot;:&quot;0&quot;,&quot;credit&quot;:&quot;&quot;,&quot;camera&quot;:&quot;&quot;,&quot;caption&quot;:&quot;&quot;,&quot;created_timestamp&quot;:&quot;0&quot;,&quot;copyright&quot;:&quot;&quot;,&quot;focal_length&quot;:&quot;0&quot;,&quot;iso&quot;:&quot;0&quot;,&quot;shutter_speed&quot;:&quot;0&quot;,&quot;title&quot;:&quot;&quot;,&quot;orientation&quot;:&quot;0&quot;}\" data-image-title=\"Aktivitaeten (21)\" data-image-description=\"\" data-medium-file=\"https:\/\/www.ffhennersdorf.at\/WordPress\/wp-content\/uploads\/2016\/05\/Aktivitaeten-21-300x200.jpg\" data-large-file=\"https:\/\/www.ffhennersdorf.at\/WordPress\/wp-content\/uploads\/2016\/05\/Aktivitaeten-21.jpg\" src=\"https:\/\/www.ffhennersdorf.at\/WordPress\/wp-content\/uploads\/2016\/05\/Aktivitaeten-21-274x183.jpg\" width=\"274\" height=\"183\" align=\"left\" title=\"Aktivitaeten (21)\" \/><\/a><\/div><div class=\"tiled-gallery-item tiled-gallery-item-large\"><a href=\"https:\/\/www.ffhennersdorf.at\/WordPress\/aktivitaeten\/aktivitaeten-2\/aktivitaeten-14\/#main\"><img loading=\"lazy\" decoding=\"async\" data-attachment-id=\"336\" data-orig-file=\"https:\/\/www.ffhennersdorf.at\/WordPress\/wp-content\/uploads\/2016\/05\/Aktivitaeten-14.jpg\" data-orig-size=\"500,332\" data-comments-opened=\"1\" data-image-meta=\"{&quot;aperture&quot;:&quot;4&quot;,&quot;credit&quot;:&quot;&quot;,&quot;camera&quot;:&quot;NIKON D90&quot;,&quot;caption&quot;:&quot;&quot;,&quot;created_timestamp&quot;:&quot;1420570762&quot;,&quot;copyright&quot;:&quot;&quot;,&quot;focal_length&quot;:&quot;18&quot;,&quot;iso&quot;:&quot;200&quot;,&quot;shutter_speed&quot;:&quot;0.016666666666667&quot;,&quot;title&quot;:&quot;&quot;,&quot;orientation&quot;:&quot;1&quot;}\" data-image-title=\"Aktivitaeten (14)\" data-image-description=\"\" data-medium-file=\"https:\/\/www.ffhennersdorf.at\/WordPress\/wp-content\/uploads\/2016\/05\/Aktivitaeten-14-300x199.jpg\" data-large-file=\"https:\/\/www.ffhennersdorf.at\/WordPress\/wp-content\/uploads\/2016\/05\/Aktivitaeten-14.jpg\" src=\"https:\/\/www.ffhennersdorf.at\/WordPress\/wp-content\/uploads\/2016\/05\/Aktivitaeten-14-274x182.jpg\" width=\"274\" height=\"182\" align=\"left\" title=\"Aktivitaeten (14)\" \/><\/a><\/div><\/div><div class=\"gallery-group images-1\" style=\"width: 497px; height: 373px;\"><div class=\"tiled-gallery-item tiled-gallery-item-large\"><a href=\"https:\/\/www.ffhennersdorf.at\/WordPress\/aktivitaeten\/aktivitaeten-2\/aktivitaeten-1\/#main\"><img loading=\"lazy\" decoding=\"async\" data-attachment-id=\"335\" data-orig-file=\"https:\/\/www.ffhennersdorf.at\/WordPress\/wp-content\/uploads\/2016\/05\/Aktivitaeten-1.jpg\" data-orig-size=\"600,450\" data-comments-opened=\"1\" data-image-meta=\"{&quot;aperture&quot;:&quot;2.8&quot;,&quot;credit&quot;:&quot;&quot;,&quot;camera&quot;:&quot;COOLPIX P7100&quot;,&quot;caption&quot;:&quot;&quot;,&quot;created_timestamp&quot;:&quot;1452103313&quot;,&quot;copyright&quot;:&quot;&quot;,&quot;focal_length&quot;:&quot;6&quot;,&quot;iso&quot;:&quot;200&quot;,&quot;shutter_speed&quot;:&quot;0.033333333333333&quot;,&quot;title&quot;:&quot;&quot;,&quot;orientation&quot;:&quot;1&quot;}\" data-image-title=\"Aktivitaeten (1)\" data-image-description=\"\" data-medium-file=\"https:\/\/www.ffhennersdorf.at\/WordPress\/wp-content\/uploads\/2016\/05\/Aktivitaeten-1-300x225.jpg\" data-large-file=\"https:\/\/www.ffhennersdorf.at\/WordPress\/wp-content\/uploads\/2016\/05\/Aktivitaeten-1.jpg\" src=\"https:\/\/www.ffhennersdorf.at\/WordPress\/wp-content\/uploads\/2016\/05\/Aktivitaeten-1-493x369.jpg\" width=\"493\" height=\"369\" align=\"left\" title=\"Aktivitaeten (1)\" \/><\/a><\/div><\/div><\/div><div class=\"gallery-row\" style=\"width: 775px; height: 270px;\"><div class=\"gallery-group images-1\" style=\"width: 411px; height: 274px;\"><div class=\"tiled-gallery-item tiled-gallery-item-large\"><a href=\"https:\/\/www.ffhennersdorf.at\/WordPress\/aktivitaeten\/aktivitaeten-2\/aktivitaeten-15\/#main\"><img loading=\"lazy\" decoding=\"async\" data-attachment-id=\"337\" data-orig-file=\"https:\/\/www.ffhennersdorf.at\/WordPress\/wp-content\/uploads\/2016\/05\/Aktivitaeten-15.jpg\" data-orig-size=\"500,332\" data-comments-opened=\"1\" data-image-meta=\"{&quot;aperture&quot;:&quot;4&quot;,&quot;credit&quot;:&quot;&quot;,&quot;camera&quot;:&quot;NIKON D90&quot;,&quot;caption&quot;:&quot;&quot;,&quot;created_timestamp&quot;:&quot;1420574983&quot;,&quot;copyright&quot;:&quot;&quot;,&quot;focal_length&quot;:&quot;21&quot;,&quot;iso&quot;:&quot;200&quot;,&quot;shutter_speed&quot;:&quot;0.016666666666667&quot;,&quot;title&quot;:&quot;&quot;,&quot;orientation&quot;:&quot;1&quot;}\" data-image-title=\"Aktivitaeten (15)\" data-image-description=\"\" data-medium-file=\"https:\/\/www.ffhennersdorf.at\/WordPress\/wp-content\/uploads\/2016\/05\/Aktivitaeten-15-300x199.jpg\" data-large-file=\"https:\/\/www.ffhennersdorf.at\/WordPress\/wp-content\/uploads\/2016\/05\/Aktivitaeten-15.jpg\" src=\"https:\/\/www.ffhennersdorf.at\/WordPress\/wp-content\/uploads\/2016\/05\/Aktivitaeten-15-407x270.jpg\" width=\"407\" height=\"270\" align=\"left\" title=\"Aktivitaeten (15)\" \/><\/a><\/div><\/div><div class=\"gallery-group images-1\" style=\"width: 364px; height: 274px;\"><div class=\"tiled-gallery-item tiled-gallery-item-large\"><a href=\"https:\/\/www.ffhennersdorf.at\/WordPress\/aktivitaeten\/aktivitaeten-2\/aktivitaeten-16\/#main\"><img loading=\"lazy\" decoding=\"async\" data-attachment-id=\"338\" data-orig-file=\"https:\/\/www.ffhennersdorf.at\/WordPress\/wp-content\/uploads\/2016\/05\/Aktivitaeten-16.jpg\" data-orig-size=\"500,375\" data-comments-opened=\"1\" data-image-meta=\"{&quot;aperture&quot;:&quot;3.5&quot;,&quot;credit&quot;:&quot;&quot;,&quot;camera&quot;:&quot;COOLPIX P7100&quot;,&quot;caption&quot;:&quot;&quot;,&quot;created_timestamp&quot;:&quot;1325876344&quot;,&quot;copyright&quot;:&quot;&quot;,&quot;focal_length&quot;:&quot;13&quot;,&quot;iso&quot;:&quot;320&quot;,&quot;shutter_speed&quot;:&quot;0.033333333333333&quot;,&quot;title&quot;:&quot;&quot;,&quot;orientation&quot;:&quot;1&quot;}\" data-image-title=\"Aktivitaeten (16)\" data-image-description=\"\" data-medium-file=\"https:\/\/www.ffhennersdorf.at\/WordPress\/wp-content\/uploads\/2016\/05\/Aktivitaeten-16-300x225.jpg\" data-large-file=\"https:\/\/www.ffhennersdorf.at\/WordPress\/wp-content\/uploads\/2016\/05\/Aktivitaeten-16.jpg\" src=\"https:\/\/www.ffhennersdorf.at\/WordPress\/wp-content\/uploads\/2016\/05\/Aktivitaeten-16-360x270.jpg\" width=\"360\" height=\"270\" align=\"left\" title=\"Aktivitaeten (16)\" \/><\/a><\/div><\/div><\/div><div class=\"gallery-row\" style=\"width: 775px; height: 515px;\"><div class=\"gallery-group images-1\" style=\"width: 775px; height: 519px;\"><div class=\"tiled-gallery-item tiled-gallery-item-large\"><a href=\"https:\/\/www.ffhennersdorf.at\/WordPress\/aktivitaeten\/aktivitaeten-2\/aktivitaeten-20\/#main\"><img loading=\"lazy\" decoding=\"async\" data-attachment-id=\"342\" data-orig-file=\"https:\/\/www.ffhennersdorf.at\/WordPress\/wp-content\/uploads\/2016\/05\/Aktivitaeten-20.jpg\" data-orig-size=\"1010,675\" data-comments-opened=\"1\" data-image-meta=\"{&quot;aperture&quot;:&quot;0&quot;,&quot;credit&quot;:&quot;&quot;,&quot;camera&quot;:&quot;&quot;,&quot;caption&quot;:&quot;&quot;,&quot;created_timestamp&quot;:&quot;0&quot;,&quot;copyright&quot;:&quot;&quot;,&quot;focal_length&quot;:&quot;0&quot;,&quot;iso&quot;:&quot;0&quot;,&quot;shutter_speed&quot;:&quot;0&quot;,&quot;title&quot;:&quot;&quot;,&quot;orientation&quot;:&quot;0&quot;}\" data-image-title=\"Aktivitaeten (20)\" data-image-description=\"\" data-medium-file=\"https:\/\/www.ffhennersdorf.at\/WordPress\/wp-content\/uploads\/2016\/05\/Aktivitaeten-20-300x200.jpg\" data-large-file=\"https:\/\/www.ffhennersdorf.at\/WordPress\/wp-content\/uploads\/2016\/05\/Aktivitaeten-20.jpg\" src=\"https:\/\/www.ffhennersdorf.at\/WordPress\/wp-content\/uploads\/2016\/05\/Aktivitaeten-20-771x515.jpg\" width=\"771\" height=\"515\" align=\"left\" title=\"Aktivitaeten (20)\" \/><\/a><\/div><\/div><\/div><\/div>\n","protected":false},"excerpt":{"rendered":"<p>Aktivit\u00e4ten der Feuerwehrjugend finden Sie hier &gt;&gt; Bisherige Aktivit\u00e4ten: Aktivit\u00e4ten des Jahres 2026 Aktivit\u00e4ten des Jahres 2025 Aktivit\u00e4ten des Jahres 2024 Aktivit\u00e4ten des Jahres 2023 Aktivit\u00e4ten des Jahres 2022 Aktivit\u00e4ten <a class=\"more-link\" href=\"https:\/\/www.ffhennersdorf.at\/WordPress\/aktivitaeten\/aktivitaeten-2\/\">Weiterlesen&#8230;<\/a><\/p>\n","protected":false},"author":1,"featured_media":432,"parent":8,"menu_order":0,"comment_status":"closed","ping_status":"closed","template":"","meta":{"sfsi_plus_gutenberg_text_before_share":"","sfsi_plus_gutenberg_show_text_before_share":"","sfsi_plus_gutenberg_icon_type":"","sfsi_plus_gutenberg_icon_alignemt":"","sfsi_plus_gutenburg_max_per_row":"","footnotes":""},"_links":{"self":[{"href":"https:\/\/www.ffhennersdorf.at\/WordPress\/wp-json\/wp\/v2\/pages\/173"}],"collection":[{"href":"https:\/\/www.ffhennersdorf.at\/WordPress\/wp-json\/wp\/v2\/pages"}],"about":[{"href":"https:\/\/www.ffhennersdorf.at\/WordPress\/wp-json\/wp\/v2\/types\/page"}],"author":[{"embeddable":true,"href":"https:\/\/www.ffhennersdorf.at\/WordPress\/wp-json\/wp\/v2\/users\/1"}],"replies":[{"embeddable":true,"href":"https:\/\/www.ffhennersdorf.at\/WordPress\/wp-json\/wp\/v2\/comments?post=173"}],"version-history":[{"count":21,"href":"https:\/\/www.ffhennersdorf.at\/WordPress\/wp-json\/wp\/v2\/pages\/173\/revisions"}],"predecessor-version":[{"id":13162,"href":"https:\/\/www.ffhennersdorf.at\/WordPress\/wp-json\/wp\/v2\/pages\/173\/revisions\/13162"}],"up":[{"embeddable":true,"href":"https:\/\/www.ffhennersdorf.at\/WordPress\/wp-json\/wp\/v2\/pages\/8"}],"wp:featuredmedia":[{"embeddable":true,"href":"https:\/\/www.ffhennersdorf.at\/WordPress\/wp-json\/wp\/v2\/media\/432"}],"wp:attachment":[{"href":"https:\/\/www.ffhennersdorf.at\/WordPress\/wp-json\/wp\/v2\/media?parent=173"}],"curies":[{"name":"wp","href":"https:\/\/api.w.org\/{rel}","templated":true}]}}