{"id":18,"date":"2016-04-12T13:44:25","date_gmt":"2016-04-12T11:44:25","guid":{"rendered":"http:\/\/www.ffhennersdorf.at\/WordPress\/?page_id=18"},"modified":"2016-06-20T17:49:33","modified_gmt":"2016-06-20T15:49:33","slug":"ueber-uns","status":"publish","type":"page","link":"https:\/\/www.ffhennersdorf.at\/WordPress\/ueber-uns\/","title":{"rendered":"\u00dcber die Feuerwehr"},"content":{"rendered":"<p>Auf den folgenden Seiten stellt sich die Feuerwehr Hennersdorf vor.\u00a0Hier finden Sie alle Informationen zu unserem\u00a0Feuerwehrhaus, \u00fcber die Fahrzeuge, die Mitglieder und geschichtlichen Hintergr\u00fcnde.<\/p>\n<p>Au\u00dferdem finden Sie in diesem Bereich die Aktivit\u00e4ten der Feuerwehrjugend.<\/p>\n<p>Die Freiwillige Feuerwehr Hennersdorf ist die einzige Feuerwehr der Gemeinde Hennersdorf. Sie geh\u00f6rt dem N\u00d6 Landesfeuerwehrverband an. Das zust\u00e4ndige Bezirksfeuerwehrkommando (BFKDO) ist das BFKDO M\u00f6dling. Der Feuerwehrabschnitt ist M\u00f6dling-Industriezone, Unterabschnitt 2.<\/p>\n<h3>Einsatzgebiet<\/h3>\n<p>Das Einsatzgebiet der FF Hennersdorf deckt sich mit dem Hennersdorfer Gemeindegebiet. Mit den Nachbarwehren besteht ein sehr gutes Einvernehmen, sodass auch etwaige Eins\u00e4tze in fremdem Gemeindegebiet (im Fall von nicht klar ersichtlichen Gemeindegrenzen) keine Probleme verursachen.<\/p>\n<h3>Standort<\/h3>\n<p>Das Feuerwehrhaus befindet sich in zentral gelegen am Florianiplatz und geht in seinen Urspr\u00fcngen bis ins Jahr 1855 zur\u00fcck. In diesem Jahr wurde ein &#8222;Feuerl\u00f6sch Requisiten Magazin&#8220; errichtet, nachdem der Gemeindeausschuss am 16. Dezember 1854 einen Neubau beschlossen hatte, der die &#8222;Feuerh\u00fctte&#8220; von 1814 ersetzen sollte.<\/p>\n<p>Im Laufe der JAhre gab es immer wieder Umbauten und Erweiterungen des Hauses, wie eine Vergr\u00f6\u00dferung des Turms oder des Mannschaftsraums, Dachbodenaufgang oder Garderobenausbau.<\/p>\n<p>Den Schlauchturm ziert seit 1980 das Fresko &#8222;St. Florian \u00fcber Hennersdorf&#8220; von Josef Fastl.<\/p>\n<h3>Alarmierung<\/h3>\n<p>Die Alarmierung der FF Hennersdorf erfolgt bei jedem Einsatz mittels Sirene, von denen es zwei im Ort gibt. Die Ausl\u00f6sung erfolgt entweder mittels Sirenenfernsteuerung durch die Bezirksalarmzentrale bei der FF M\u00f6dling oder im Feuerwehrhaus. Zus\u00e4tzlich erhalten alle Feuerwehrmitglieder eine SMS-Benachrichtigung auf ihr Handy.<\/p>\n<p>Eine Sirene am Feuerwehrhaus gibt es seit 1930, die jetzige stammt aus dem Jahr 1972. Erst seit 1990 gibt es in Hennersdorf eine zweite Sirene (im \u00f6stlichen Ortsteil gelegen).<\/p>\n<h3>Weitere Informationen<\/h3>\n<ul style=\"list-style-type: circle;\">\n<li><a href=\"http:\/\/www.ffhennersdorf.at\/WordPress\/ueber-uns\/das-feuerwehr-haus\/\">Das Feuerwehrhaus<\/a><\/li>\n<li><a href=\"http:\/\/www.ffhennersdorf.at\/WordPress\/ueber-uns\/unsere-fahrzeuge\/\">Unsere Fahrzeuge<\/a><\/li>\n<li><a href=\"http:\/\/www.ffhennersdorf.at\/WordPress\/ueber-uns\/mitglieder\/\">Unsere Mitglieder<\/a><\/li>\n<li><a href=\"http:\/\/www.ffhennersdorf.at\/WordPress\/ueber-uns\/organisation\/\">Organisation der Feuerwehr<\/a><\/li>\n<li><a href=\"http:\/\/www.ffhennersdorf.at\/WordPress\/ueber-uns\/historisches\/\">Historisches<\/a><\/li>\n<li><a href=\"http:\/\/www.ffhennersdorf.at\/WordPress\/ueber-uns\/feuerwehr-jugend\/\">Feuerwehr-Jungend<\/a><\/li>\n<\/ul>\n<p>&nbsp;<\/p>\n<p><img loading=\"lazy\" decoding=\"async\" class=\"aligncenter wp-image-326 size-large\" src=\"http:\/\/www.ffhennersdorf.at\/WordPress\/wp-content\/uploads\/2016\/04\/Mannschaftsfoto_2015-1024x678.jpg\" alt=\"Mannschaftsfoto 2015\" width=\"780\" height=\"516\" srcset=\"https:\/\/www.ffhennersdorf.at\/WordPress\/wp-content\/uploads\/2016\/04\/Mannschaftsfoto_2015-1024x678.jpg 1024w, https:\/\/www.ffhennersdorf.at\/WordPress\/wp-content\/uploads\/2016\/04\/Mannschaftsfoto_2015-300x199.jpg 300w, https:\/\/www.ffhennersdorf.at\/WordPress\/wp-content\/uploads\/2016\/04\/Mannschaftsfoto_2015-768x508.jpg 768w\" sizes=\"(max-width: 780px) 100vw, 780px\" \/><\/p>\n","protected":false},"excerpt":{"rendered":"<p>Auf den folgenden Seiten stellt sich die Feuerwehr Hennersdorf vor.\u00a0Hier finden Sie alle Informationen zu unserem\u00a0Feuerwehrhaus, \u00fcber die Fahrzeuge, die Mitglieder und geschichtlichen Hintergr\u00fcnde. Au\u00dferdem finden Sie in diesem Bereich <a class=\"more-link\" href=\"https:\/\/www.ffhennersdorf.at\/WordPress\/ueber-uns\/\">Weiterlesen&#8230;<\/a><\/p>\n","protected":false},"author":1,"featured_media":109,"parent":0,"menu_order":0,"comment_status":"closed","ping_status":"closed","template":"","meta":{"sfsi_plus_gutenberg_text_before_share":"","sfsi_plus_gutenberg_show_text_before_share":"","sfsi_plus_gutenberg_icon_type":"","sfsi_plus_gutenberg_icon_alignemt":"","sfsi_plus_gutenburg_max_per_row":"","footnotes":""},"_links":{"self":[{"href":"https:\/\/www.ffhennersdorf.at\/WordPress\/wp-json\/wp\/v2\/pages\/18"}],"collection":[{"href":"https:\/\/www.ffhennersdorf.at\/WordPress\/wp-json\/wp\/v2\/pages"}],"about":[{"href":"https:\/\/www.ffhennersdorf.at\/WordPress\/wp-json\/wp\/v2\/types\/page"}],"author":[{"embeddable":true,"href":"https:\/\/www.ffhennersdorf.at\/WordPress\/wp-json\/wp\/v2\/users\/1"}],"replies":[{"embeddable":true,"href":"https:\/\/www.ffhennersdorf.at\/WordPress\/wp-json\/wp\/v2\/comments?post=18"}],"version-history":[{"count":10,"href":"https:\/\/www.ffhennersdorf.at\/WordPress\/wp-json\/wp\/v2\/pages\/18\/revisions"}],"predecessor-version":[{"id":602,"href":"https:\/\/www.ffhennersdorf.at\/WordPress\/wp-json\/wp\/v2\/pages\/18\/revisions\/602"}],"wp:featuredmedia":[{"embeddable":true,"href":"https:\/\/www.ffhennersdorf.at\/WordPress\/wp-json\/wp\/v2\/media\/109"}],"wp:attachment":[{"href":"https:\/\/www.ffhennersdorf.at\/WordPress\/wp-json\/wp\/v2\/media?parent=18"}],"curies":[{"name":"wp","href":"https:\/\/api.w.org\/{rel}","templated":true}]}}