{"id":24,"date":"2016-04-12T13:45:13","date_gmt":"2016-04-12T11:45:13","guid":{"rendered":"http:\/\/www.ffhennersdorf.at\/WordPress\/?page_id=24"},"modified":"2024-10-06T10:07:25","modified_gmt":"2024-10-06T08:07:25","slug":"feuerwehr-jugend","status":"publish","type":"page","link":"https:\/\/www.ffhennersdorf.at\/WordPress\/ueber-uns\/feuerwehr-jugend\/","title":{"rendered":"Feuerwehr-Jugend"},"content":{"rendered":"<p>Die Hennersdorfer Feuerwehrjugend wurde im September 1976 gegr\u00fcndet und ist seither aus dem t\u00e4glichen Leben der FF Hennersdorf nicht mehr weg zu denken. Mehr als zwei Drittel der derzeitigen aktiven Feuerwehrm\u00e4nner geh\u00f6rten vorher auch bereits der Feuerwehrjugend an.<\/p>\n<p>Bei der Jugend steht zun\u00e4chst die Vorbereitung auf einen sp\u00e4teren Dienst als aktives Feuerwehrmitglied im Vordergrund. Spielerisch werden die wichtigsten Ger\u00e4te kennen gelernt und die Grundbegriffe des Feuerwehrwesens vermittelt. Dadurch wird der \u00dcbertritt in den Aktivstand der Feuerwehr (mit 15 Jahren) wesentlich erleichtert, da bereits ein entsprechendes Wissen vorhanden ist, auf dem dann die weitere Ausbildung aufbaut.<\/p>\n<p>Daneben kommen jedoch Bewegung, Spa\u00df und Unterhaltung sicher nicht zu kurz. Regelm\u00e4\u00dfig gibt es neben den Jugendleistungsbewerben Fu\u00dfball-, Tischtennis- und andere Sportturniere. Hierbei gewann unsere Jugendgruppe bereits unz\u00e4hlige Pokale und Preise.<\/p>\n<p><strong>Mitglied der Feuerwehrjugend k\u00f6nnen M\u00e4dchen und Burschen im Alter zwischen 10 und 15 Jahre werden.<\/strong><\/p>\n<p>Bist Du interessiert, dann informiere dich vorab telefonisch bei unserem Jugendbetreuer: Sophie Toyfl (0650\/3025123). Schnupperstart ist jeweils im Herbstsemester (September) bzw. Fr\u00fchjahrssemester (Februar).<\/p>\n<p>Hier geht&#8217;s zu den <a href=\"http:\/\/www.ffhennersdorf.at\/WordPress\/ueber-uns\/feuerwehr-jugend\/aktivitaeten-der-feuerwehrjungend\/\">Aktivit\u00e4ten der Feuerwehrjugend &gt;&gt;<\/a><\/p>\n","protected":false},"excerpt":{"rendered":"<p>Die Hennersdorfer Feuerwehrjugend wurde im September 1976 gegr\u00fcndet und ist seither aus dem t\u00e4glichen Leben der FF Hennersdorf nicht mehr weg zu denken. Mehr als zwei Drittel der derzeitigen aktiven <a class=\"more-link\" href=\"https:\/\/www.ffhennersdorf.at\/WordPress\/ueber-uns\/feuerwehr-jugend\/\">Weiterlesen&#8230;<\/a><\/p>\n","protected":false},"author":1,"featured_media":411,"parent":18,"menu_order":0,"comment_status":"closed","ping_status":"closed","template":"","meta":{"sfsi_plus_gutenberg_text_before_share":"","sfsi_plus_gutenberg_show_text_before_share":"","sfsi_plus_gutenberg_icon_type":"","sfsi_plus_gutenberg_icon_alignemt":"","sfsi_plus_gutenburg_max_per_row":"","footnotes":""},"_links":{"self":[{"href":"https:\/\/www.ffhennersdorf.at\/WordPress\/wp-json\/wp\/v2\/pages\/24"}],"collection":[{"href":"https:\/\/www.ffhennersdorf.at\/WordPress\/wp-json\/wp\/v2\/pages"}],"about":[{"href":"https:\/\/www.ffhennersdorf.at\/WordPress\/wp-json\/wp\/v2\/types\/page"}],"author":[{"embeddable":true,"href":"https:\/\/www.ffhennersdorf.at\/WordPress\/wp-json\/wp\/v2\/users\/1"}],"replies":[{"embeddable":true,"href":"https:\/\/www.ffhennersdorf.at\/WordPress\/wp-json\/wp\/v2\/comments?post=24"}],"version-history":[{"count":13,"href":"https:\/\/www.ffhennersdorf.at\/WordPress\/wp-json\/wp\/v2\/pages\/24\/revisions"}],"predecessor-version":[{"id":12937,"href":"https:\/\/www.ffhennersdorf.at\/WordPress\/wp-json\/wp\/v2\/pages\/24\/revisions\/12937"}],"up":[{"embeddable":true,"href":"https:\/\/www.ffhennersdorf.at\/WordPress\/wp-json\/wp\/v2\/pages\/18"}],"wp:featuredmedia":[{"embeddable":true,"href":"https:\/\/www.ffhennersdorf.at\/WordPress\/wp-json\/wp\/v2\/media\/411"}],"wp:attachment":[{"href":"https:\/\/www.ffhennersdorf.at\/WordPress\/wp-json\/wp\/v2\/media?parent=24"}],"curies":[{"name":"wp","href":"https:\/\/api.w.org\/{rel}","templated":true}]}}