{"id":32,"date":"2016-04-12T13:46:57","date_gmt":"2016-04-12T11:46:57","guid":{"rendered":"http:\/\/www.ffhennersdorf.at\/WordPress\/?page_id=32"},"modified":"2018-08-25T11:10:20","modified_gmt":"2018-08-25T09:10:20","slug":"historisches","status":"publish","type":"page","link":"https:\/\/www.ffhennersdorf.at\/WordPress\/ueber-uns\/historisches\/","title":{"rendered":"Historisches"},"content":{"rendered":"<h3>Die Freiwillige Feuerwehr Hennersdorf \u2013 ein historischer \u00dcberblick<\/h3>\n<p><strong>(EOBR wHR Dr. Karl Steininger; aus: Ch. Fastl\/I. Ganster (Red.), Hennersdorf. Ein Streifzug durch seine Geschichte, Hennersdorf 2004, leicht ver\u00e4ndert])\u00a0<\/strong><\/p>\n<p>Erste Nachrichten betreffend das Hennersdorfer Feuerl\u00f6schwesen stammen aus dem Jahr 1530, im Hennersdorfer\u00a0 Banntaiding sind genaue Vorschriften bez\u00fcglich der Brandverh\u00fctung und der Hilfeleistung im Brandfall \u00fcberliefert. Bis 1848\/49 oblag der Feuerschutz der jeweiligen Ortsobrigkeit (Herrschaft), ab 1850 hatten sich die neu geschaffenen Gemeinden selbst um diese wichtige Aufgabe zu k\u00fcmmern.<br \/>\nDamals erhielten noch verschiedene Hennersdorfer Bauern eine Remuneration seitens der Gemeinde, wenn sie das Amt eines Feuer- oder Vorspannkommiss\u00e4rs bzw. eines Spritzen- oder Rohrf\u00fchrers im Brandfall \u00fcbernahmen.<\/p>\n<p>Wie unzureichend jedoch diese ersten Brandschutzmassnahmen der noch jungen Gemeinde waren, zeigte sich am 13. August 1861, als ein verheerender Brand den halben Ort in Schutt und Asche legte. Folgender Zeitungsbericht (Morgen-Post v. 15.8.1861) berichtet vom damaligen Ereignis:<\/p>\n<blockquote><p>(Feuer.) Vorgestern um 2 Uhr Nachmittag brach in Hennersdorf hinter Laxenburg Feuer aus, welches 25 H\u00e4user und mehrere Scheuern [sic] in Asche legte. Das Pfarrhaus und die Kirche brannten ebenfalls ab, nur durch die Umsicht und Th\u00e4tigkeit der Wiener L\u00f6schmannschaft wurde von letzterer ein Theil des Daches und der Thurm gerettet.\u201c<\/p><\/blockquote>\n<p>Tats\u00e4chlich brannte jedoch von der Kirche \u201enur\u201c das Dach ab, besonders hervorgetan bei den L\u00f6scharbeiten soll sich Oberlehrer Johann Sipser d. J. haben<br \/>\nDie Brandursache war bald gekl\u00e4rt \u2013 das Feuer war vermutlich beim Schmalz auslassen im Haus CN 6 (Hauptstra\u00dfe 36) ausgebrochen \u2013 doch vermutete dieselbe Wiener Zeitung Brandlegung und berichtete zwei Tage sp\u00e4ter:<\/p>\n<blockquote><p>Ein Mann, angeblich Tagl\u00f6hner, wurde als der Brandlegung in Hennersdorf verd\u00e4chtig, verhaftet. Man fand bei demselben Z\u00fcndh\u00f6lzchen in gro\u00dfer Menge.\u201c<\/p><\/blockquote>\n<p>Trotz dieser Katastrophe dauerte es bis ins Jahr 1880, als der damalige Oberlehrer Heinrich Pehm am 11. August jenes Jahres den Antrag zur Gr\u00fcndung einer Freiwilligen Feuerwehr einbrachte. Der Gemeindeausschuss unter B\u00fcrgermeister Ferdinand Hausenberger genehmigte am 29. August die vorgelegten Statuten und die K. k. nieder\u00f6sterreichische Statthalterei best\u00e4tigte dieselben am 8. Oktober.<\/p>\n<p>Da die Reparaturkosten der alten Feuerspritze zu hoch waren, kaufte die Feuerwehr 1884 gemeinsam mit der Gemeinde eine neue Feuerspritze an, die heute noch im Besitz der Feuerwehr und immer noch funktionsf\u00e4hig ist. Eine moderne Dampfspritze wurde 1908 um die stolze Summe von 6.100 Kronen von der Firma Kernreuther angekauft.<br \/>\nEin Mannschaftswagen wurde zusammen mit einer Benzinmotorspritze auf Anh\u00e4nger 1924 angeschafft.<\/p>\n<p><div data-carousel-extra='{\"blog_id\":1,\"permalink\":\"https:\\\/\\\/www.ffhennersdorf.at\\\/WordPress\\\/ueber-uns\\\/historisches\\\/\"}' class=\"tiled-gallery type-rectangular\" data-original-width=\"780\"><div class=\"gallery-row\" style=\"width: 775px; height: 359px;\"><div class=\"gallery-group images-1\" style=\"width: 511px; height: 363px;\"><div class=\"tiled-gallery-item tiled-gallery-item-large\"><a href=\"https:\/\/www.ffhennersdorf.at\/WordPress\/ueber-uns\/historisches\/mannschaft_1900\/#main\"><img loading=\"lazy\" decoding=\"async\" data-attachment-id=\"401\" data-orig-file=\"https:\/\/www.ffhennersdorf.at\/WordPress\/wp-content\/uploads\/2016\/04\/Mannschaft_1900.jpg\" data-orig-size=\"400,283\" data-comments-opened=\"1\" data-image-meta=\"{&quot;aperture&quot;:&quot;0&quot;,&quot;credit&quot;:&quot;&quot;,&quot;camera&quot;:&quot;&quot;,&quot;caption&quot;:&quot;&quot;,&quot;created_timestamp&quot;:&quot;0&quot;,&quot;copyright&quot;:&quot;&quot;,&quot;focal_length&quot;:&quot;0&quot;,&quot;iso&quot;:&quot;0&quot;,&quot;shutter_speed&quot;:&quot;0&quot;,&quot;title&quot;:&quot;&quot;,&quot;orientation&quot;:&quot;0&quot;}\" data-image-title=\"Mannschaft_1900\" data-image-description=\"\" data-medium-file=\"https:\/\/www.ffhennersdorf.at\/WordPress\/wp-content\/uploads\/2016\/04\/Mannschaft_1900-300x212.jpg\" data-large-file=\"https:\/\/www.ffhennersdorf.at\/WordPress\/wp-content\/uploads\/2016\/04\/Mannschaft_1900.jpg\" src=\"https:\/\/www.ffhennersdorf.at\/WordPress\/wp-content\/uploads\/2016\/04\/Mannschaft_1900.jpg\" width=\"507\" height=\"359\" align=\"left\" title=\"Mannschaft_1900\" \/><\/a><div class=\"tiled-gallery-caption\">Die Mannschaft im Jahre 1900<\/div><\/div><\/div><div class=\"gallery-group images-2\" style=\"width: 264px; height: 363px;\"><div class=\"tiled-gallery-item tiled-gallery-item-large\"><a href=\"https:\/\/www.ffhennersdorf.at\/WordPress\/ueber-uns\/historisches\/brand_tomaschek_1928\/#main\"><img loading=\"lazy\" decoding=\"async\" data-attachment-id=\"397\" data-orig-file=\"https:\/\/www.ffhennersdorf.at\/WordPress\/wp-content\/uploads\/2016\/04\/Brand_Tomaschek_1928.jpg\" data-orig-size=\"400,251\" data-comments-opened=\"1\" data-image-meta=\"{&quot;aperture&quot;:&quot;0&quot;,&quot;credit&quot;:&quot;&quot;,&quot;camera&quot;:&quot;&quot;,&quot;caption&quot;:&quot;&quot;,&quot;created_timestamp&quot;:&quot;0&quot;,&quot;copyright&quot;:&quot;&quot;,&quot;focal_length&quot;:&quot;0&quot;,&quot;iso&quot;:&quot;0&quot;,&quot;shutter_speed&quot;:&quot;0&quot;,&quot;title&quot;:&quot;&quot;,&quot;orientation&quot;:&quot;0&quot;}\" data-image-title=\"Brand_Tomaschek_1928\" data-image-description=\"\" data-medium-file=\"https:\/\/www.ffhennersdorf.at\/WordPress\/wp-content\/uploads\/2016\/04\/Brand_Tomaschek_1928-300x188.jpg\" data-large-file=\"https:\/\/www.ffhennersdorf.at\/WordPress\/wp-content\/uploads\/2016\/04\/Brand_Tomaschek_1928.jpg\" src=\"https:\/\/www.ffhennersdorf.at\/WordPress\/wp-content\/uploads\/2016\/04\/Brand_Tomaschek_1928-260x163.jpg\" width=\"260\" height=\"163\" align=\"left\" title=\"Brand_Tomaschek_1928\" \/><\/a><div class=\"tiled-gallery-caption\">Brand Tomaschek 1928<\/div><\/div><div class=\"tiled-gallery-item tiled-gallery-item-large\"><a href=\"https:\/\/www.ffhennersdorf.at\/WordPress\/ueber-uns\/historisches\/uebung1935\/#main\"><img loading=\"lazy\" decoding=\"async\" data-attachment-id=\"405\" data-orig-file=\"https:\/\/www.ffhennersdorf.at\/WordPress\/wp-content\/uploads\/2016\/04\/Uebung1935.jpg\" data-orig-size=\"400,295\" data-comments-opened=\"1\" data-image-meta=\"{&quot;aperture&quot;:&quot;0&quot;,&quot;credit&quot;:&quot;&quot;,&quot;camera&quot;:&quot;&quot;,&quot;caption&quot;:&quot;&quot;,&quot;created_timestamp&quot;:&quot;0&quot;,&quot;copyright&quot;:&quot;&quot;,&quot;focal_length&quot;:&quot;0&quot;,&quot;iso&quot;:&quot;0&quot;,&quot;shutter_speed&quot;:&quot;0&quot;,&quot;title&quot;:&quot;&quot;,&quot;orientation&quot;:&quot;0&quot;}\" data-image-title=\"Uebung1935\" data-image-description=\"\" data-medium-file=\"https:\/\/www.ffhennersdorf.at\/WordPress\/wp-content\/uploads\/2016\/04\/Uebung1935-300x221.jpg\" data-large-file=\"https:\/\/www.ffhennersdorf.at\/WordPress\/wp-content\/uploads\/2016\/04\/Uebung1935.jpg\" src=\"https:\/\/www.ffhennersdorf.at\/WordPress\/wp-content\/uploads\/2016\/04\/Uebung1935-260x192.jpg\" width=\"260\" height=\"192\" align=\"left\" title=\"Uebung1935\" \/><\/a><div class=\"tiled-gallery-caption\">\u00dcbung 1935<\/div><\/div><\/div><\/div><\/div><br \/>\n1939 wurde die Feuerwehr mit Bescheid der Gauhauptmannschaft Niederdonau als Verein aufgel\u00f6st und in eine Gemeindeeinrichtung umgewandelt, sie wurde eine technische Hilfstruppe (\u201eFeuerschutzpolizei\u201c) f\u00fcr Hilfeleistungen bei \u00f6ffentlichen Notst\u00e4nden aller Art. Diese technischen Hilfeleistungen sind als zus\u00e4tzliche T\u00e4tigkeiten im Feuerwehrwesen geblieben, sie machen heute ca. 70% der Einsatzt\u00e4tigkeit aus.<br \/>\nVon 1945 bis 1955 war die Feuerwehr der Wiener Berufsfeuerwehr unterstellt. Am 9. J\u00e4nner 1949 wurde die Wehr als Verein wieder reaktiviert und der Mitgliederstand auf 28 Mann aufgestockt. Bei den Kriegshandlungen war das Feuerwehrauto ganz zerst\u00f6rt worden, die Motorspritze konnte nach einer Reparatur wieder in Betrieb genommen werden und war bis 1960 einsatzf\u00e4hig. 1948 wurde daher aus amerikanischen Armeebest\u00e4nden ein Dodge-Jeep angekauft, in ein Feuerwehrfahrzeug umgebaut, beim 70-j\u00e4hrigen Gr\u00fcndungsfest (1950) gesegnet und in Dienst gestellt; Patin war Frau Stefanie Schober. Dieses Fahrzeug ist heute noch als Mannschaftstransport- und Lastenfahrzeug einsatzf\u00e4hig.<\/p>\n<p>1955 wurde von der selbst\u00e4ndig gewordenen Gemeinde erstmals eine Subvention von 5.000,- Schilling der Wehr \u00fcberwiesen. Ein Kleinl\u00f6schfahrzeug (FK 1000) mit Tragkraftspritze (RVW 75) wurde 1956 von der Gemeinde angekauft, Patin war Frau Margarete Wiesmayer. Zum 80-j\u00e4hrigen Bestand (1960) erwarb man eine zweite Tragkraftspritze mit Anh\u00e4nger (TSA 750), Patin war Frau Anna Koza. Bei der Jahreshauptversammlung 1961 erkl\u00e4rte B\u00fcrgermeister Josef Postl schlie\u00dflich, dass von nun an die Gemeinde f\u00fcr die Uniformierung der Feuerwehrleute aufkommen werde. Die Gemeinde \u00fcbernahm auch 1962 die Anschaffungskosten eines Tankl\u00f6schfahrzeuges von der FF Guntramsdorf. Im selben Jahr kam es zum ersten Katastropheneinsatz der 14. F.u.B.-Bereitschaft (Feuer- und Berge-Bereitschaft) nach einem Unwetter in Haugsdorf und Watzelsdorf (Bezirk Hollabrunn), dort waren f\u00fcnf Mann mit einem Fahrzeug einen Tag lang im Einsatz.<\/p>\n<div id=\"attachment_403\" style=\"width: 410px\" class=\"wp-caption aligncenter\"><img loading=\"lazy\" decoding=\"async\" aria-describedby=\"caption-attachment-403\" class=\"wp-image-403 size-full\" src=\"http:\/\/www.ffhennersdorf.at\/WordPress\/wp-content\/uploads\/2016\/04\/Mannschaft1956.jpg\" alt=\" Die Mannschaft FF Hennersdorf 1956\" width=\"400\" height=\"299\" srcset=\"https:\/\/www.ffhennersdorf.at\/WordPress\/wp-content\/uploads\/2016\/04\/Mannschaft1956.jpg 400w, https:\/\/www.ffhennersdorf.at\/WordPress\/wp-content\/uploads\/2016\/04\/Mannschaft1956-300x224.jpg 300w\" sizes=\"(max-width: 400px) 100vw, 400px\" \/><p id=\"caption-attachment-403\" class=\"wp-caption-text\">Die Mannschaft der\u00a0FF Hennersdorf 1956<\/p><\/div>\n<p>Mit dem Nieder\u00f6sterreichischen Feuerpolizei- und Feuerwehrgesetz (N\u00d6FFG) wurden die Feuerwehren 1970 eine K\u00f6rperschaft \u00f6ffentlichen Rechtes. In der Folge kaufte die Gemeinde von der FF Maria Enzersdorf ein Tankl\u00f6schfahrzeug 2000 um 250.000,- Schilling an. Anl\u00e4sslich des 95-j\u00e4hrigen Bestandsjubil\u00e4ums (1975) konnten in unserer Gemeinde erstmals die Bezirksfeuerwehrleistungsbewerbe durchgef\u00fchrt werden. Zu diesem Anlass kamen auch 38 Feuerwehrkameraden, zum Teil mit Ehefrauen, samt Ortsvorsteher Heinz Kretzschmar aus Neuweiler (Gemeinde Weil im Sch\u00f6nbuch, Baden-W\u00fcrttemberg\/D) zu uns. Bei diesen Festtagen wurde der Grundstein f\u00fcr die Patenschaft zwischen Hennersdorf und Neuweiler gelegt. Im Rahmen eines Gegenbesuches 1976 konnten 20 Mann unserer Wehr bei den Baden-W\u00fcrttembergischen Kreisleistungsbewerben in Sindelfingen das deutsche Feuerwehrleistungsabzeichen in Bronze erringen.<\/p>\n<p>Ein weiterer H\u00f6hepunkt im Feuerwehrgeschehen war die Gr\u00fcndung einer Feuerwehrjugendgruppe mit 17 Buben im September 1976. Im April 1977 beschloss die Mitgliederversammlung den dritten Feuerwehrhauszubau. Beim Florianitag jenes Jahres wurde auch ein Kommandofahrzeug (Toyota) gesegnet und in Dienst gestellt, Pate war Kommerzialrat Direktor Seibt der Firma Wienerberger.<br \/>\nBeim Gro\u00dfbrand der Firma Sleepy am 28. Juni 1978 gelang es zwei Feuerwehrm\u00e4nnern (Heinrich Toyfl und Erich V\u00f6lkl) unter Einsatz ihres eigenen Lebens das Leben eines Kameraden der FF V\u00f6sendorf zu retten. Sie erhielten daf\u00fcr von Landeshauptmann Andreas Maurer die Lebensrettermedaille des Bundeslandes Nieder\u00f6sterreich.<br \/>\nAnl\u00e4sslich des 100-j\u00e4hrigen Gr\u00fcndungsfestes (1980) wurden wiederum die Bezirksfeuerwehrleistungsbewerbe in unserer Gemeinde durchgef\u00fchrt.<\/p>\n<p>1984 restaurierte Feuerwehrkamerad Max Houdek die 1869 aufgebaute und 1884 angekaufte Handdruckspritze, diese befindet sich heute als Leihgabe im Feuerwehrmuseum in Maria Enzersdorf. Beim 105-j\u00e4hrigen Gr\u00fcndungsfest (1985) wurde das von der Gemeinde finanzierte neu R\u00fcstl\u00f6schfahrzeug 2000 (Steyr) gesegnet und in Dienst gestellt, Patinnen waren die Frauen der Feuerwehrm\u00e4nner. Wiederum wurde der Bezirksfeuerwehrtag in unserer Gemeinde im Heurigenlokal der Familie Schrank abgehalten.<br \/>\n1990 wurde anl\u00e4sslich des 110-j\u00e4hrigen Gr\u00fcndungsfestes im September der Bezirksfeuerwehrtag in unserer Gemeinde abgehalten, in diesem Rahmen wurde auch ein Kleinl\u00f6schfahrzeug (Mercedes) gesegnet und in Dienst gestellt; Patin war Frau Helga Toyfl. Ebenso wurde die neu geschaffene Florianistatue f\u00fcr die Florianis\u00e4ule beim Feuerwehrhaus gesegnet.<\/p>\n<div id=\"attachment_402\" style=\"width: 410px\" class=\"wp-caption aligncenter\"><img loading=\"lazy\" decoding=\"async\" aria-describedby=\"caption-attachment-402\" class=\"size-full wp-image-402\" src=\"http:\/\/www.ffhennersdorf.at\/WordPress\/wp-content\/uploads\/2016\/04\/Mannschaft_1985.jpg\" alt=\"Die Mannschaft der FF Hennersdorf 1985\" width=\"400\" height=\"297\" srcset=\"https:\/\/www.ffhennersdorf.at\/WordPress\/wp-content\/uploads\/2016\/04\/Mannschaft_1985.jpg 400w, https:\/\/www.ffhennersdorf.at\/WordPress\/wp-content\/uploads\/2016\/04\/Mannschaft_1985-300x223.jpg 300w\" sizes=\"(max-width: 400px) 100vw, 400px\" \/><p id=\"caption-attachment-402\" class=\"wp-caption-text\">Die Mannschaft der FF Hennersdorf 1985<\/p><\/div>\n<p>Im Herbst 1997 konnten durch Spenden der Bev\u00f6lkerung neue, moderne Feuerwehrhelme angeschafft werden, zum vollst\u00e4ndigen K\u00f6rperschutz finanzierte die Gemeinde 2003 bzw. 2004 den geltenden Normen entsprechende Einsatzuniformen.<\/p>\n<p>Im Jahr 2000 beging unsere Wehr im Rahmen eines gro\u00dfen Festwochenendes vom 24. bis zum 25. Juni ihr 120-j\u00e4hriges Bestehen. Der Feuerwehrhauszubau wurde eingeweiht und ein neues Kommandofahrzeug (Mercedes) gesegnet sowie in Dienst gestellt; Patin des neuen Fahrzeuges war Frau Elisabeth Wiesmayer. Im Rahmen dieser Festlichkeiten fanden auch die Bezirkfeuerwehrleistungsbewerbe in Hennersdorf statt.<\/p>\n<p>Im April 2002 wurden die alten, erneuerungsbed\u00fcrftigen Einfahrtstore auf der Bachgasse-Seite des Feuerwehrhauses durch moderne Sektionaltore ersetzt. Die notwendigen Planungsarbeiten wurden zum gr\u00f6\u00dften Teil von den Feuerwehrmitgliedern selbst durchgef\u00fchrt, auch erfolgte der Ausbau der alten Tore in Eigenarbeit, wodurch eine enorme Kostenersparnis erreicht werden konnte. Ebenfalls in Eigenregie wurde eine neue Eingangst\u00fcr von der Bachgasse ins Feuerwehrhaus ausgebrochen. Die Kosten beliefen sich trotzdem noch auf \u20ac 12.354,-.<\/p>\n<p>Anl\u00e4sslich des 125-j\u00e4hrigen Gr\u00fcndungsfestes wurden im Juni 2005 zum vierten Mal die Bezirksfeuerwehrleistungsbewerbe in Hennersdorf abgehalten. Auch wurde ein neues Versorgungsfahrzeug (Mercedes) angekauft, Patin war Frau Marianne Schrank.<\/p>\n<div id=\"attachment_326\" style=\"width: 790px\" class=\"wp-caption aligncenter\"><img loading=\"lazy\" decoding=\"async\" aria-describedby=\"caption-attachment-326\" class=\"wp-image-326 size-large\" src=\"http:\/\/www.ffhennersdorf.at\/WordPress\/wp-content\/uploads\/2016\/04\/Mannschaftsfoto_2015-1024x678.jpg\" alt=\"Mannschaftsfoto 2015\" width=\"780\" height=\"516\" srcset=\"https:\/\/www.ffhennersdorf.at\/WordPress\/wp-content\/uploads\/2016\/04\/Mannschaftsfoto_2015-1024x678.jpg 1024w, https:\/\/www.ffhennersdorf.at\/WordPress\/wp-content\/uploads\/2016\/04\/Mannschaftsfoto_2015-300x199.jpg 300w, https:\/\/www.ffhennersdorf.at\/WordPress\/wp-content\/uploads\/2016\/04\/Mannschaftsfoto_2015-768x508.jpg 768w\" sizes=\"(max-width: 780px) 100vw, 780px\" \/><p id=\"caption-attachment-326\" class=\"wp-caption-text\">Die Mannschaft der FF Hennersdorf 2015<\/p><\/div>\n<p><strong>Kommandanten<\/strong><\/p>\n<ul style=\"list-style-type: circle;\">\n<li>1880-1885 Andreas Taschler\n<ul>\n<li>Ehrenkommandant ab 1881: Karl Lesk<\/li>\n<\/ul>\n<\/li>\n<li>1885-1887 Ernest Hausenberger<\/li>\n<li>1887-1892 Andreas Taschler<\/li>\n<li>1892-1898 Franz M\u00fcller<\/li>\n<li>1898-1906 Johann Toyfl<\/li>\n<li>1906-1911 Ferdinand Hausenberger<\/li>\n<li>1911-1920 Johann Wiesmayer (1911-19 Ausschussmitglied des Bezirksfeuerwehrverbandes Schwechat)<\/li>\n<li>1920-1922 Franz Schrank<\/li>\n<li>1922-1951 Eduard Hausenberger\n<ul>\n<li>provisorischer Leiter der Feuerwehr 1945-49: Franz Suchentrunk<\/li>\n<\/ul>\n<\/li>\n<li>1951-1960 Josef Krauthauf<\/li>\n<li>1960-1971 Ferdinand Hausenberger<\/li>\n<li>1971-1991 Dr. Karl Steininger (1982-94 Bezirksfeuerwehrkommandant)<\/li>\n<li>1991-2001 Rudolf Wiesmayer<\/li>\n<li>2001-2006 Heinrich Toyfl (2001-08 Unterabschnittsfeuerwehrkommandant)<\/li>\n<li>2006-2011 DI Karl Brezovits<\/li>\n<li>2011-2018 Ing. Peter A. Stahl<\/li>\n<li>seit 2018 Dr. Christian K. Fastl<\/li>\n<\/ul>\n","protected":false},"excerpt":{"rendered":"<p>Die Freiwillige Feuerwehr Hennersdorf \u2013 ein historischer \u00dcberblick (EOBR wHR Dr. Karl Steininger; aus: Ch. Fastl\/I. Ganster (Red.), Hennersdorf. Ein Streifzug durch seine Geschichte, Hennersdorf 2004, leicht ver\u00e4ndert])\u00a0 Erste Nachrichten <a class=\"more-link\" href=\"https:\/\/www.ffhennersdorf.at\/WordPress\/ueber-uns\/historisches\/\">Weiterlesen&#8230;<\/a><\/p>\n","protected":false},"author":1,"featured_media":0,"parent":18,"menu_order":0,"comment_status":"closed","ping_status":"closed","template":"","meta":{"sfsi_plus_gutenberg_text_before_share":"","sfsi_plus_gutenberg_show_text_before_share":"","sfsi_plus_gutenberg_icon_type":"","sfsi_plus_gutenberg_icon_alignemt":"","sfsi_plus_gutenburg_max_per_row":"","footnotes":""},"_links":{"self":[{"href":"https:\/\/www.ffhennersdorf.at\/WordPress\/wp-json\/wp\/v2\/pages\/32"}],"collection":[{"href":"https:\/\/www.ffhennersdorf.at\/WordPress\/wp-json\/wp\/v2\/pages"}],"about":[{"href":"https:\/\/www.ffhennersdorf.at\/WordPress\/wp-json\/wp\/v2\/types\/page"}],"author":[{"embeddable":true,"href":"https:\/\/www.ffhennersdorf.at\/WordPress\/wp-json\/wp\/v2\/users\/1"}],"replies":[{"embeddable":true,"href":"https:\/\/www.ffhennersdorf.at\/WordPress\/wp-json\/wp\/v2\/comments?post=32"}],"version-history":[{"count":7,"href":"https:\/\/www.ffhennersdorf.at\/WordPress\/wp-json\/wp\/v2\/pages\/32\/revisions"}],"predecessor-version":[{"id":2381,"href":"https:\/\/www.ffhennersdorf.at\/WordPress\/wp-json\/wp\/v2\/pages\/32\/revisions\/2381"}],"up":[{"embeddable":true,"href":"https:\/\/www.ffhennersdorf.at\/WordPress\/wp-json\/wp\/v2\/pages\/18"}],"wp:attachment":[{"href":"https:\/\/www.ffhennersdorf.at\/WordPress\/wp-json\/wp\/v2\/media?parent=32"}],"curies":[{"name":"wp","href":"https:\/\/api.w.org\/{rel}","templated":true}]}}