{"id":34,"date":"2016-04-12T13:47:15","date_gmt":"2016-04-12T11:47:15","guid":{"rendered":"http:\/\/www.ffhennersdorf.at\/WordPress\/?page_id=34"},"modified":"2016-05-19T21:41:57","modified_gmt":"2016-05-19T19:41:57","slug":"notruf","status":"publish","type":"page","link":"https:\/\/www.ffhennersdorf.at\/WordPress\/notruf\/","title":{"rendered":"Notruf"},"content":{"rendered":"<h2>Die Feuerwehr rufen &#8211; aber WIE?<\/h2>\n<p>Unter der <span style=\"color: #ff0000;\"><strong>Notruf-Nummer\u00a0 02236 \/ 122\u00a0\u00a0<\/strong> <\/span>erreichen Sie die Bezirksalarmzentrale in M\u00f6dling. Diese ist 24 Stunden am Tag besetzt und kostenfrei zu erreichen.<br \/>\nDer Diensthabende Disponent ben\u00f6tigt von Ihnen folgende Informationen:<\/p>\n<h3>Was ist passiert?<\/h3>\n<p>z.B. Autounfall, Wohnungsbrand, Hochwasser, &#8230;<br \/>\nDiese Information ist f\u00fcr den Disponenten wichtig, um zu entscheiden, welche Kr\u00e4fte ben\u00f6tigt werden.<\/p>\n<h3>Wo ist der Notfall passiert?<\/h3>\n<p>z.B. Stra\u00dfenname H\u00f6he Hausnummer, &#8230;<br \/>\nJe genauer die Ortsangabe f\u00fcr die Helfer ist, desto schneller ist es ihnen m\u00f6glich am Ungl\u00fccksort einzutreffen. Dadurch kann der Schaden vielleicht begrenzt werden.<\/p>\n<h3>Wie viele Verletzte gibt es?<\/h3>\n<p>Um gen\u00fcgend Einsatzkr\u00e4fte zu alarmieren, braucht der Disponent eine Vorstellung, welche Ausma\u00dfe der Notfall hat. Dies erspart eine zeitraubende Nachalarmierung durch den Einsatzleiter.<\/p>\n<h3>Wer ruft an?<\/h3>\n<p>Name und Telefonnummer des Anrufers k\u00f6nnen unter Umst\u00e4nden n\u00f6tig sein, um bei Nicht-Auffinden des Einsatzortes durch die Feuerwehr, nach genaueren Ortsangaben zu fragen.<\/p>\n","protected":false},"excerpt":{"rendered":"<p>Die Feuerwehr rufen &#8211; aber WIE? Unter der Notruf-Nummer\u00a0 02236 \/ 122\u00a0\u00a0 erreichen Sie die Bezirksalarmzentrale in M\u00f6dling. Diese ist 24 Stunden am Tag besetzt und kostenfrei zu erreichen. Der <a class=\"more-link\" href=\"https:\/\/www.ffhennersdorf.at\/WordPress\/notruf\/\">Weiterlesen&#8230;<\/a><\/p>\n","protected":false},"author":1,"featured_media":226,"parent":0,"menu_order":0,"comment_status":"closed","ping_status":"closed","template":"","meta":{"sfsi_plus_gutenberg_text_before_share":"","sfsi_plus_gutenberg_show_text_before_share":"","sfsi_plus_gutenberg_icon_type":"","sfsi_plus_gutenberg_icon_alignemt":"","sfsi_plus_gutenburg_max_per_row":"","footnotes":""},"_links":{"self":[{"href":"https:\/\/www.ffhennersdorf.at\/WordPress\/wp-json\/wp\/v2\/pages\/34"}],"collection":[{"href":"https:\/\/www.ffhennersdorf.at\/WordPress\/wp-json\/wp\/v2\/pages"}],"about":[{"href":"https:\/\/www.ffhennersdorf.at\/WordPress\/wp-json\/wp\/v2\/types\/page"}],"author":[{"embeddable":true,"href":"https:\/\/www.ffhennersdorf.at\/WordPress\/wp-json\/wp\/v2\/users\/1"}],"replies":[{"embeddable":true,"href":"https:\/\/www.ffhennersdorf.at\/WordPress\/wp-json\/wp\/v2\/comments?post=34"}],"version-history":[{"count":3,"href":"https:\/\/www.ffhennersdorf.at\/WordPress\/wp-json\/wp\/v2\/pages\/34\/revisions"}],"predecessor-version":[{"id":112,"href":"https:\/\/www.ffhennersdorf.at\/WordPress\/wp-json\/wp\/v2\/pages\/34\/revisions\/112"}],"wp:featuredmedia":[{"embeddable":true,"href":"https:\/\/www.ffhennersdorf.at\/WordPress\/wp-json\/wp\/v2\/media\/226"}],"wp:attachment":[{"href":"https:\/\/www.ffhennersdorf.at\/WordPress\/wp-json\/wp\/v2\/media?parent=34"}],"curies":[{"name":"wp","href":"https:\/\/api.w.org\/{rel}","templated":true}]}}