{"id":38,"date":"2016-04-12T13:47:41","date_gmt":"2016-04-12T11:47:41","guid":{"rendered":"http:\/\/www.ffhennersdorf.at\/WordPress\/?page_id=38"},"modified":"2016-05-19T21:25:38","modified_gmt":"2016-05-19T19:25:38","slug":"beitritt","status":"publish","type":"page","link":"https:\/\/www.ffhennersdorf.at\/WordPress\/beitritt\/","title":{"rendered":"Beitritt"},"content":{"rendered":"<p>Sie sind an einer sinnvollen Freizeitgestaltung interessiert und\/oder wollen anderen Menschen in pers\u00f6nlichen Notlagen helfen? \u2013 Dann k\u00f6nnten Sie Mitglied der Feuerwehr Hennersdorf werden.<\/p>\n<p>Um der FF Hennersdorf beitreten zu k\u00f6nnen sind gem\u00e4\u00df den Vorschriften des Nieder\u00f6sterreichischen Feuerwehrgesetzes und der Dienstordnung f\u00fcr die Nieder\u00f6sterreichischen Feuerwehren folgende Kriterien zu erf\u00fcllen:<\/p>\n<ul style=\"list-style-type: circle;\">\n<li>Alter zwischen 15 und 65 Jahren (bist Du j\u00fcnger als 15 dann klicke bitte hier: Jugend)<\/li>\n<li>k\u00f6rperliche Eignung<\/li>\n<li>keine Mitgliedschaft bei einer anderen Freiwilligen Feuerwehr<\/li>\n<\/ul>\n<p>Interessierte k\u00f6nnen sich telefonisch bzw. per E-mail bei uns melden oder jeweils dienstags zwischen 20 und 22 Uhr direkt ins Feuerwehrhaus kommen!<\/p>\n<p>Ein neu aufgenommenes Mitglied wird dann im Rahmen der Mitgliederversammlung (normalerweise am 6. J\u00e4nner) angelobt. Die Gel\u00f6bnisformel lautet:<\/p>\n<blockquote><p>Ich gelobe, meinen Dienst als Freiwilliges Feuerwehrmitglied stets gewissenhaft zu erf\u00fcllen, meinen Vorgesetzten gehorsam zu sein, Disziplin zu halten und wenn notwendig auch mein Leben einzusetzen, um meinen Mitmenschen zu helfen. Gott zur Ehr\u2019, dem N\u00e4chsten zur Wehr.\u201c<\/p><\/blockquote>\n","protected":false},"excerpt":{"rendered":"<p>Sie sind an einer sinnvollen Freizeitgestaltung interessiert und\/oder wollen anderen Menschen in pers\u00f6nlichen Notlagen helfen? \u2013 Dann k\u00f6nnten Sie Mitglied der Feuerwehr Hennersdorf werden. Um der FF Hennersdorf beitreten zu <a class=\"more-link\" href=\"https:\/\/www.ffhennersdorf.at\/WordPress\/beitritt\/\">Weiterlesen&#8230;<\/a><\/p>\n","protected":false},"author":1,"featured_media":220,"parent":0,"menu_order":0,"comment_status":"closed","ping_status":"closed","template":"","meta":{"sfsi_plus_gutenberg_text_before_share":"","sfsi_plus_gutenberg_show_text_before_share":"","sfsi_plus_gutenberg_icon_type":"","sfsi_plus_gutenberg_icon_alignemt":"","sfsi_plus_gutenburg_max_per_row":"","footnotes":""},"_links":{"self":[{"href":"https:\/\/www.ffhennersdorf.at\/WordPress\/wp-json\/wp\/v2\/pages\/38"}],"collection":[{"href":"https:\/\/www.ffhennersdorf.at\/WordPress\/wp-json\/wp\/v2\/pages"}],"about":[{"href":"https:\/\/www.ffhennersdorf.at\/WordPress\/wp-json\/wp\/v2\/types\/page"}],"author":[{"embeddable":true,"href":"https:\/\/www.ffhennersdorf.at\/WordPress\/wp-json\/wp\/v2\/users\/1"}],"replies":[{"embeddable":true,"href":"https:\/\/www.ffhennersdorf.at\/WordPress\/wp-json\/wp\/v2\/comments?post=38"}],"version-history":[{"count":3,"href":"https:\/\/www.ffhennersdorf.at\/WordPress\/wp-json\/wp\/v2\/pages\/38\/revisions"}],"predecessor-version":[{"id":221,"href":"https:\/\/www.ffhennersdorf.at\/WordPress\/wp-json\/wp\/v2\/pages\/38\/revisions\/221"}],"wp:featuredmedia":[{"embeddable":true,"href":"https:\/\/www.ffhennersdorf.at\/WordPress\/wp-json\/wp\/v2\/media\/220"}],"wp:attachment":[{"href":"https:\/\/www.ffhennersdorf.at\/WordPress\/wp-json\/wp\/v2\/media?parent=38"}],"curies":[{"name":"wp","href":"https:\/\/api.w.org\/{rel}","templated":true}]}}