{"id":40,"date":"2016-04-12T13:47:50","date_gmt":"2016-04-12T11:47:50","guid":{"rendered":"http:\/\/www.ffhennersdorf.at\/WordPress\/?page_id=40"},"modified":"2021-01-13T23:38:20","modified_gmt":"2021-01-13T22:38:20","slug":"links","status":"publish","type":"page","link":"https:\/\/www.ffhennersdorf.at\/WordPress\/links\/","title":{"rendered":"Links"},"content":{"rendered":"<p>Auf die Gestaltung und den Inhalt der verlinkten Seiten haben wir keinen Einfluss und \u00fcbernehmen daf\u00fcr daher auch keine Verantwortung!<\/p>\n<p><strong>Feuerwehren im Bezirk M\u00f6dling<\/strong><\/p>\n<p><a href=\"http:\/\/www.ffachau.at\">FF Achau<br \/>\n<\/a><a href=\"http:\/\/www.ffbiedermannsdorf.at\">FF Biedermannsdorf<br \/>\n<\/a><a href=\"http:\/\/www.ff-breitenfurt.at\">FF Breitenfurt<br \/>\n<\/a><a href=\"http:\/\/www.ff-brunnamgebirge.at\">FF Brunn am Gebirge<br \/>\n<\/a><a href=\"http:\/\/www.ff-gaaden.at\">FF Gaaden<br \/>\n<\/a><a href=\"http:\/\/www.ff-giesshuebl.at\">FF Gie\u00dfh\u00fcbl<br \/>\n<\/a><a href=\"http:\/\/www.ff-grub.at\/\">FF Grub<br \/>\n<\/a><a href=\"http:\/\/www.ffgumpoldskirchen.at\">FF Gumpoldskirchen<br \/>\n<\/a><a href=\"http:\/\/www.ff-guntramsdorf.at\">FF Guntramsdorf<br \/>\n<\/a><a href=\"http:\/\/www.ff-hinterbruehl.at\">FF Hinterbr\u00fchl<br \/>\n<\/a><a href=\"http:\/\/www.ff-kaltenleutgeben.at\">FF Kaltenleutgeben<br \/>\n<\/a><a href=\"http:\/\/www.fflaab.at\">FF Laab im Walde<br \/>\n<\/a><a href=\"http:\/\/www.fflaxenburg.at\">FF Laxenburg<br \/>\n<\/a><a href=\"http:\/\/www.ff-mariaenzersdorf.at\">FF Maria Enzersdorf<br \/>\n<\/a><a href=\"http:\/\/www.ff-muenchendorf.at\">FF M\u00fcnchendorf<br \/>\n<\/a><a href=\"http:\/\/www.ffmoedling.at\">FF M\u00f6dling Stadt<br \/>\n<\/a><a href=\"http:\/\/www.ff-perchtoldsdorf.at\">FF Perchtoldsdorf<br \/>\n<\/a><a href=\"http:\/\/www.fw-sittendorf.org\/\">FF Sittendorf<br \/>\n<\/a><a href=\"http:\/\/members.aon.at\/freiwi43\/\">FF Sparbach<br \/>\n<\/a><a href=\"http:\/\/www.ff-sulz.at\">FF Sulz<br \/>\n<\/a><a href=\"http:\/\/www.ff-voesendorf.at\">FF V\u00f6sendorf<br \/>\n<\/a><a href=\"http:\/\/www.ff-weissenbach.at\">FF Weissenbach<br \/>\n<\/a><a href=\"http:\/\/www.ff-wr-neudorf.at\">FF Wiener Neudorf<\/a><strong><br \/>\n<\/strong><\/p>\n<p><strong>Sonstige Feuerwehren<\/strong><\/p>\n<p><a href=\"http:\/\/www.ff-leopoldsdorf.net\/\">FF Leopoldsdorf<br \/>\n<\/a><a href=\"http:\/\/www.feuerwehr-weil.org\/\">FF Neuweiler<br \/>\n<\/a><a href=\"http:\/\/www.ff-schwechat.at\/\">FF Schwechat<\/a><\/p>\n<p><strong>Diverse Feuerwehrseiten<\/strong><\/p>\n<p><a href=\"http:\/\/www.bfk-moedling.at\">Bezirksfeuerwehrkommando M\u00f6dling<br \/>\n<\/a><a href=\"http:\/\/www.feuerwehrhistoriker.at\/\">Feuerwehrhistoriker<br \/>\n<\/a><a href=\"http:\/\/www.brandaus.at\/\">Feuerwehrzeitschrift Brandaus<br \/>\n<\/a><a href=\"http:\/\/www.feuerwehrobjektiv.at\/index.php\">Feuerwehrzeitschrift Feuerwehr Objektiv<br \/>\n<\/a><a href=\"http:\/\/www.fireworld.at\/\">Fireworld<br \/>\n<\/a><a href=\"http:\/\/www.feuerwehrjugend-noe.at\/\">Nieder\u00f6sterreichische Feuerwehrjugend<br \/>\n<\/a><a href=\"http:\/\/www.noelfv.at\">Nieder\u00f6sterreichischer Landesfeuerwehrverband<br \/>\n<\/a><a href=\"http:\/\/www.feuerwehrschule.at\">Nieder\u00f6sterreichische Landes-Feuerwehrschule<br \/>\n<\/a><a href=\"http:\/\/www.oebfv.or.at\">\u00d6sterreichischer Bundesfeuerwehrverband<br \/>\n<\/a><a href=\"http:\/\/www.feuerwehr-krems.at\/ShowArtikel.asp?Artikel=7273&amp;filter=14\">\u00dcbersicht Eins\u00e4tze im Bezirk<br \/>\n<\/a><a href=\"http:\/\/www.wax.at\/index.php\">Wax.at<br \/>\n<\/a><a href=\"http:\/\/www.zamg.ac.at\/wetter\/warnung\/\">ZAMG Wetterwarnungen<\/a><\/p>\n<p><strong>Gemeindeseiten<\/strong><\/p>\n<p><a href=\"http:\/\/www.gemeinde-hennersdorf.at\">Gemeinde Hennersdorf<\/a> (Homepage der Gemeindeverwaltung)<br \/>\n<a href=\"http:\/\/www.hennersdorf.at\/\">Gemeinde Hennersdorf<\/a> (Homepage mit Berichten \u00fcber Veranstaltungen)<br \/>\n<a href=\"http:\/\/www.obecjindrichov.cz\/\">Partnergemeinde Jindrichov\/CZ <\/a>(Hennersdorf\/\u00d6sterreichisch-Schlesien)<br \/>\n<a href=\"https:\/\/neuweiler.weil-im-schoenbuch.de\/willkommen\">Partnergemeinde Neuweiler<\/a> (Deutschland)<\/p>\n","protected":false},"excerpt":{"rendered":"<p>Auf die Gestaltung und den Inhalt der verlinkten Seiten haben wir keinen Einfluss und \u00fcbernehmen daf\u00fcr daher auch keine Verantwortung! Feuerwehren im Bezirk M\u00f6dling FF Achau FF Biedermannsdorf FF Breitenfurt <a class=\"more-link\" href=\"https:\/\/www.ffhennersdorf.at\/WordPress\/links\/\">Weiterlesen&#8230;<\/a><\/p>\n","protected":false},"author":1,"featured_media":224,"parent":0,"menu_order":0,"comment_status":"closed","ping_status":"closed","template":"","meta":{"sfsi_plus_gutenberg_text_before_share":"","sfsi_plus_gutenberg_show_text_before_share":"","sfsi_plus_gutenberg_icon_type":"","sfsi_plus_gutenberg_icon_alignemt":"","sfsi_plus_gutenburg_max_per_row":"","footnotes":""},"_links":{"self":[{"href":"https:\/\/www.ffhennersdorf.at\/WordPress\/wp-json\/wp\/v2\/pages\/40"}],"collection":[{"href":"https:\/\/www.ffhennersdorf.at\/WordPress\/wp-json\/wp\/v2\/pages"}],"about":[{"href":"https:\/\/www.ffhennersdorf.at\/WordPress\/wp-json\/wp\/v2\/types\/page"}],"author":[{"embeddable":true,"href":"https:\/\/www.ffhennersdorf.at\/WordPress\/wp-json\/wp\/v2\/users\/1"}],"replies":[{"embeddable":true,"href":"https:\/\/www.ffhennersdorf.at\/WordPress\/wp-json\/wp\/v2\/comments?post=40"}],"version-history":[{"count":7,"href":"https:\/\/www.ffhennersdorf.at\/WordPress\/wp-json\/wp\/v2\/pages\/40\/revisions"}],"predecessor-version":[{"id":12020,"href":"https:\/\/www.ffhennersdorf.at\/WordPress\/wp-json\/wp\/v2\/pages\/40\/revisions\/12020"}],"wp:featuredmedia":[{"embeddable":true,"href":"https:\/\/www.ffhennersdorf.at\/WordPress\/wp-json\/wp\/v2\/media\/224"}],"wp:attachment":[{"href":"https:\/\/www.ffhennersdorf.at\/WordPress\/wp-json\/wp\/v2\/media?parent=40"}],"curies":[{"name":"wp","href":"https:\/\/api.w.org\/{rel}","templated":true}]}}