{"id":6,"date":"2016-04-12T13:40:29","date_gmt":"2016-04-12T11:40:29","guid":{"rendered":"http:\/\/www.ffhennersdorf.at\/WordPress\/?page_id=6"},"modified":"2019-05-03T11:39:06","modified_gmt":"2019-05-03T09:39:06","slug":"home","status":"publish","type":"page","link":"https:\/\/www.ffhennersdorf.at\/WordPress\/","title":{"rendered":"HOME"},"content":{"rendered":"<p>Sehr geehrte Besucher unserer Homepage!<\/p>\n<p>Die KameradInnen der Freiwilligen Feuerwehr Hennersdorf freut es, Sie auf unserer Homepage begr\u00fc\u00dfen zu d\u00fcrfen.<\/p>\n<p>Wir wollen Sie mit unserem Internet-Auftritt \u00fcber die Ereignisse rund um unsere Wehr auf dem laufenden halten und Informationen \u00fcber unsere Organisation und Ausr\u00fcstung zur Verf\u00fcgung stellen.<\/p>\n<p>Damit n\u00fctzen wir ein weiteres Medium, um mit der Hennersdorfer Bev\u00f6lkerung und allen interessierten Menschen im Kontakt zu sein, unsere Leistungen zu zeigen und unsere Anliegen verst\u00e4ndlich zu machen.<\/p>\n<p>Sollten Sie weitere Fragen zu unserer Feuerwehr haben, stehen wir Ihnen gerne unter <span lang=\"DE-AT\"><a href=\"mailto:hennersdorf[at]feuerwehr.gv.at\">hennersdorf[at]feuerwehr.gv.at<\/a><\/span>\u00a0zur Verf\u00fcgung.<\/p>\n","protected":false},"excerpt":{"rendered":"<p>Sehr geehrte Besucher unserer Homepage! Die KameradInnen der Freiwilligen Feuerwehr Hennersdorf freut es, Sie auf unserer Homepage begr\u00fc\u00dfen zu d\u00fcrfen. Wir wollen Sie mit unserem Internet-Auftritt \u00fcber die Ereignisse rund <a class=\"more-link\" href=\"https:\/\/www.ffhennersdorf.at\/WordPress\/\">Weiterlesen&#8230;<\/a><\/p>\n","protected":false},"author":1,"featured_media":0,"parent":0,"menu_order":0,"comment_status":"closed","ping_status":"closed","template":"","meta":{"sfsi_plus_gutenberg_text_before_share":"","sfsi_plus_gutenberg_show_text_before_share":"","sfsi_plus_gutenberg_icon_type":"","sfsi_plus_gutenberg_icon_alignemt":"","sfsi_plus_gutenburg_max_per_row":"","footnotes":""},"_links":{"self":[{"href":"https:\/\/www.ffhennersdorf.at\/WordPress\/wp-json\/wp\/v2\/pages\/6"}],"collection":[{"href":"https:\/\/www.ffhennersdorf.at\/WordPress\/wp-json\/wp\/v2\/pages"}],"about":[{"href":"https:\/\/www.ffhennersdorf.at\/WordPress\/wp-json\/wp\/v2\/types\/page"}],"author":[{"embeddable":true,"href":"https:\/\/www.ffhennersdorf.at\/WordPress\/wp-json\/wp\/v2\/users\/1"}],"replies":[{"embeddable":true,"href":"https:\/\/www.ffhennersdorf.at\/WordPress\/wp-json\/wp\/v2\/comments?post=6"}],"version-history":[{"count":15,"href":"https:\/\/www.ffhennersdorf.at\/WordPress\/wp-json\/wp\/v2\/pages\/6\/revisions"}],"predecessor-version":[{"id":11189,"href":"https:\/\/www.ffhennersdorf.at\/WordPress\/wp-json\/wp\/v2\/pages\/6\/revisions\/11189"}],"wp:attachment":[{"href":"https:\/\/www.ffhennersdorf.at\/WordPress\/wp-json\/wp\/v2\/media?parent=6"}],"curies":[{"name":"wp","href":"https:\/\/api.w.org\/{rel}","templated":true}]}}