{"id":76,"date":"2016-04-12T14:02:57","date_gmt":"2016-04-12T12:02:57","guid":{"rendered":"http:\/\/www.ffhennersdorf.at\/WordPress\/?page_id=76"},"modified":"2016-07-28T16:41:17","modified_gmt":"2016-07-28T14:41:17","slug":"das-feuerwehr-haus","status":"publish","type":"page","link":"https:\/\/www.ffhennersdorf.at\/WordPress\/ueber-uns\/das-feuerwehr-haus\/","title":{"rendered":"Feuerwehr-Haus"},"content":{"rendered":"<p>(EOBR wHR Dr. Karl Steininger; aus: Ch. Fastl\/I. Ganster (Red.), Hennersdorf. Ein Streifzug durch seine Geschichte, Hennersdorf 2004 [leicht ver\u00e4ndert])<\/p>\n<p>Unser Feuerwehrhaus am Florianiplatz zwischen Hauptstra\u00dfe und Bachgasse umfasst derzeit zwei Fahrzeughallen (Platz f\u00fcr insgesamt vier Fahrzeuge), je einen Umkleideraum, Mannschaftsraum, Kommandoraum sowie eine K\u00fcche und zwei Toiletten. Zur Lagerung steht der Dachboden zur Verf\u00fcgung, der Schlauchturm wird nach wie vor zur Trocknung von nassen Schl\u00e4uchen genutzt. Der heutige Ist-Zustand ist jedoch ein Produkt einer komplexen Baugeschichte, die bis in die Mitte des 19. Jahrhunderts zur\u00fcckreicht.<\/p>\n<p>So beschloss der Gemeindeausschuss im Jahre 1854 unter B\u00fcrgermeister Jakob Hausenberger d. J., dass eine neue \u201eFeuerrequisitenanstalt\u201c an der Pferdeschwemme erbaut werde, nachdem der Zustand der alten bereits 1839 seitens des K. k. Kreisamtes ger\u00fcgt worden war.<\/p>\n<p>1922 kam es dann unter Verwendung des Demolierungsmaterials des abgetragenen Armenhauses und einem Kostenaufwand von ca. 7.000.000 Kronen zur Errichtung des ersten Zubaus und zur Neueindeckung des Feuerwehrhauses.<\/p>\n<div data-carousel-extra='{\"blog_id\":1,\"permalink\":\"https:\\\/\\\/www.ffhennersdorf.at\\\/WordPress\\\/ueber-uns\\\/das-feuerwehr-haus\\\/\"}' class=\"tiled-gallery type-rectangular\" data-original-width=\"780\"><div class=\"gallery-row\" style=\"width: 775px; height: 372px;\"><div class=\"gallery-group images-1\" style=\"width: 255px; height: 376px;\"><div class=\"tiled-gallery-item tiled-gallery-item-large\"><a href=\"https:\/\/www.ffhennersdorf.at\/WordPress\/mannschaftswagen-mit-spritzenanhaenger-1925-sw\/\"><img loading=\"lazy\" decoding=\"async\" data-attachment-id=\"193\" data-orig-file=\"https:\/\/www.ffhennersdorf.at\/WordPress\/wp-content\/uploads\/2016\/04\/Mannschaftswagen-mit-Spritzenanhaenger-1925-sw.jpg\" data-orig-size=\"1906,2826\" data-comments-opened=\"1\" data-image-meta=\"{&quot;aperture&quot;:&quot;0&quot;,&quot;credit&quot;:&quot;&quot;,&quot;camera&quot;:&quot;&quot;,&quot;caption&quot;:&quot;&quot;,&quot;created_timestamp&quot;:&quot;0&quot;,&quot;copyright&quot;:&quot;&quot;,&quot;focal_length&quot;:&quot;0&quot;,&quot;iso&quot;:&quot;0&quot;,&quot;shutter_speed&quot;:&quot;0&quot;,&quot;title&quot;:&quot;&quot;,&quot;orientation&quot;:&quot;1&quot;}\" data-image-title=\"Der Mannschaftswagen mit Spritzenanh\u00e4nger \u2013 1925\" data-image-description=\"\" data-medium-file=\"https:\/\/www.ffhennersdorf.at\/WordPress\/wp-content\/uploads\/2016\/04\/Mannschaftswagen-mit-Spritzenanhaenger-1925-sw-202x300.jpg\" data-large-file=\"https:\/\/www.ffhennersdorf.at\/WordPress\/wp-content\/uploads\/2016\/04\/Mannschaftswagen-mit-Spritzenanhaenger-1925-sw-691x1024.jpg\" src=\"https:\/\/www.ffhennersdorf.at\/WordPress\/wp-content\/uploads\/2016\/04\/Mannschaftswagen-mit-Spritzenanhaenger-1925-sw-251x372.jpg\" width=\"251\" height=\"372\" align=\"left\" title=\"Der Mannschaftswagen mit Spritzenanh\u00e4nger \u2013 1925\" \/><\/a><div class=\"tiled-gallery-caption\">Der Mannschaftswagen mit Spritzenanh\u00e4nger \u2013 1925<\/div><\/div><\/div><div class=\"gallery-group images-1\" style=\"width: 520px; height: 376px;\"><div class=\"tiled-gallery-item tiled-gallery-item-large\"><a href=\"https:\/\/www.ffhennersdorf.at\/WordPress\/feuerwehrhaus_nach_1980\/\"><img loading=\"lazy\" decoding=\"async\" data-attachment-id=\"184\" data-orig-file=\"https:\/\/www.ffhennersdorf.at\/WordPress\/wp-content\/uploads\/2016\/04\/Feuerwehrhaus_nach_1980.jpg\" data-orig-size=\"400,288\" data-comments-opened=\"1\" data-image-meta=\"{&quot;aperture&quot;:&quot;0&quot;,&quot;credit&quot;:&quot;&quot;,&quot;camera&quot;:&quot;&quot;,&quot;caption&quot;:&quot;&quot;,&quot;created_timestamp&quot;:&quot;0&quot;,&quot;copyright&quot;:&quot;&quot;,&quot;focal_length&quot;:&quot;0&quot;,&quot;iso&quot;:&quot;0&quot;,&quot;shutter_speed&quot;:&quot;0&quot;,&quot;title&quot;:&quot;&quot;,&quot;orientation&quot;:&quot;0&quot;}\" data-image-title=\"Feuerwehrhaus_nach_1980\" data-image-description=\"\" data-medium-file=\"https:\/\/www.ffhennersdorf.at\/WordPress\/wp-content\/uploads\/2016\/04\/Feuerwehrhaus_nach_1980-300x216.jpg\" data-large-file=\"https:\/\/www.ffhennersdorf.at\/WordPress\/wp-content\/uploads\/2016\/04\/Feuerwehrhaus_nach_1980.jpg\" src=\"https:\/\/www.ffhennersdorf.at\/WordPress\/wp-content\/uploads\/2016\/04\/Feuerwehrhaus_nach_1980.jpg\" width=\"516\" height=\"372\" align=\"left\" title=\"Feuerwehrhaus_nach_1980\" \/><\/a><div class=\"tiled-gallery-caption\">Das Feuerwehrhaus in den 1980er Jahren<\/div><\/div><\/div><\/div><\/div>\n<p>&nbsp;<\/p>\n<p>Die zweite Vergr\u00f6\u00dferung des Feuerwehrhauses (Mannschaftsraum) wurde 1966 beschlossen und an die Firma Moser aus Laxenburg laut Kostenvoranschlag von 155.000,- Schilling vergeben, dieser Zubau konnte am 17. September 1967 mit der Segnung abgeschlossen werden.<\/p>\n<p>Im April 1977 beschloss die Mitgliederversammlung den dritten Feuerwehrhauszubau, der im Rahmen des 100-j\u00e4hrigen Gr\u00fcndungsfestes (1980) eingeweiht werden konnte. Zu bemerken w\u00e4re dazu vor allem, dass die Feuerwehrm\u00e4nner 3.200 Arbeitsstunden f\u00fcr diesen 120m2 gro\u00dfen Zubau in ihrer Freizeit selbst geleistet haben. Die Hennersdorfer Landwirte besorgten alle f\u00fcr diesen Zubau notwendigen Transporte unentgeltlich! Prof. Josef Fastl schuf damals das Fresko \u201eSt. Florian sch\u00fctzt Hennersdorf\u201c an der Au\u00dfenseite des Schlauchturms.<\/p>\n<p>Die Neugestaltung des Dachbodenaufganges, die Verfliesung der Fahrzeughalle und die Restaurierung der Florianis\u00e4ule vor dem Feuerwehrhaus in der Bachgasse nahm man 1990 in Angriff.<\/p>\n<p>Der vierte (und bis dato letzte) Feuerwehrhauszubau (Mannschaftsraum, Kommandoraum, K\u00fcche) wurde am 23. April 1996 beschlossen und in den Jahren 1999 und 2000 ausgef\u00fchrt. Die Kosten dieses Zubaues betrugen \u20ac 167.150,-. \u20ac 72.673,- wurden seitens der Gemeinde finanziert. Im April 2002 wurden die alten, erneuerungsbed\u00fcrftigen Einfahrtstore auf der Bachgasse-Seite des Feuerwehrhauses durch moderne Sektionaltore ersetzt. Die notwendigen Planungsarbeiten wurden zum gr\u00f6\u00dften Teil von den Feuerwehrmitgliedern selbst durchgef\u00fchrt, auch erfolgte der Ausbau der alten Tore in Eigenarbeit, wodurch eine enorme Kostenersparnis erreicht werden konnte. Ebenfalls in Eigenregie wurde eine neue Eingangst\u00fcr von der Bachgasse ins Feuerwehrhaus ausgebrochen.<\/p>\n<div data-carousel-extra='{\"blog_id\":1,\"permalink\":\"https:\\\/\\\/www.ffhennersdorf.at\\\/WordPress\\\/ueber-uns\\\/das-feuerwehr-haus\\\/\"}' class=\"tiled-gallery type-rectangular\" data-original-width=\"780\"><div class=\"gallery-row\" style=\"width: 775px; height: 515px;\"><div class=\"gallery-group images-1\" style=\"width: 775px; height: 519px;\"><div class=\"tiled-gallery-item tiled-gallery-item-large\"><a href=\"https:\/\/www.ffhennersdorf.at\/WordPress\/ueber-uns\/das-feuerwehr-haus\/dsc01361\/#main\"><img loading=\"lazy\" decoding=\"async\" data-attachment-id=\"662\" data-orig-file=\"https:\/\/www.ffhennersdorf.at\/WordPress\/wp-content\/uploads\/2016\/04\/DSC01361.jpg\" data-orig-size=\"4240,2832\" data-comments-opened=\"1\" data-image-meta=\"{&quot;aperture&quot;:&quot;5.6&quot;,&quot;credit&quot;:&quot;&quot;,&quot;camera&quot;:&quot;ILCE-5100&quot;,&quot;caption&quot;:&quot;&quot;,&quot;created_timestamp&quot;:&quot;1462113425&quot;,&quot;copyright&quot;:&quot;&quot;,&quot;focal_length&quot;:&quot;32&quot;,&quot;iso&quot;:&quot;100&quot;,&quot;shutter_speed&quot;:&quot;0.00625&quot;,&quot;title&quot;:&quot;&quot;,&quot;orientation&quot;:&quot;1&quot;}\" data-image-title=\"FFHaus\" data-image-description=\"&lt;p&gt;Feuerwehrhaus 2006&lt;\/p&gt;\n\" data-medium-file=\"https:\/\/www.ffhennersdorf.at\/WordPress\/wp-content\/uploads\/2016\/04\/DSC01361-300x200.jpg\" data-large-file=\"https:\/\/www.ffhennersdorf.at\/WordPress\/wp-content\/uploads\/2016\/04\/DSC01361-1024x684.jpg\" src=\"https:\/\/www.ffhennersdorf.at\/WordPress\/wp-content\/uploads\/2016\/04\/DSC01361-771x515.jpg\" width=\"771\" height=\"515\" align=\"left\" title=\"FFHaus\" \/><\/a><div class=\"tiled-gallery-caption\">Feuerwehrhaus 2006<\/div><\/div><\/div><\/div><\/div>\n","protected":false},"excerpt":{"rendered":"<p>(EOBR wHR Dr. Karl Steininger; aus: Ch. Fastl\/I. Ganster (Red.), Hennersdorf. Ein Streifzug durch seine Geschichte, Hennersdorf 2004 [leicht ver\u00e4ndert]) Unser Feuerwehrhaus am Florianiplatz zwischen Hauptstra\u00dfe und Bachgasse umfasst derzeit <a class=\"more-link\" href=\"https:\/\/www.ffhennersdorf.at\/WordPress\/ueber-uns\/das-feuerwehr-haus\/\">Weiterlesen&#8230;<\/a><\/p>\n","protected":false},"author":1,"featured_media":0,"parent":18,"menu_order":0,"comment_status":"closed","ping_status":"closed","template":"","meta":{"sfsi_plus_gutenberg_text_before_share":"","sfsi_plus_gutenberg_show_text_before_share":"","sfsi_plus_gutenberg_icon_type":"","sfsi_plus_gutenberg_icon_alignemt":"","sfsi_plus_gutenburg_max_per_row":"","footnotes":""},"_links":{"self":[{"href":"https:\/\/www.ffhennersdorf.at\/WordPress\/wp-json\/wp\/v2\/pages\/76"}],"collection":[{"href":"https:\/\/www.ffhennersdorf.at\/WordPress\/wp-json\/wp\/v2\/pages"}],"about":[{"href":"https:\/\/www.ffhennersdorf.at\/WordPress\/wp-json\/wp\/v2\/types\/page"}],"author":[{"embeddable":true,"href":"https:\/\/www.ffhennersdorf.at\/WordPress\/wp-json\/wp\/v2\/users\/1"}],"replies":[{"embeddable":true,"href":"https:\/\/www.ffhennersdorf.at\/WordPress\/wp-json\/wp\/v2\/comments?post=76"}],"version-history":[{"count":7,"href":"https:\/\/www.ffhennersdorf.at\/WordPress\/wp-json\/wp\/v2\/pages\/76\/revisions"}],"predecessor-version":[{"id":664,"href":"https:\/\/www.ffhennersdorf.at\/WordPress\/wp-json\/wp\/v2\/pages\/76\/revisions\/664"}],"up":[{"embeddable":true,"href":"https:\/\/www.ffhennersdorf.at\/WordPress\/wp-json\/wp\/v2\/pages\/18"}],"wp:attachment":[{"href":"https:\/\/www.ffhennersdorf.at\/WordPress\/wp-json\/wp\/v2\/media?parent=76"}],"curies":[{"name":"wp","href":"https:\/\/api.w.org\/{rel}","templated":true}]}}