{"id":8,"date":"2016-04-12T13:40:38","date_gmt":"2016-04-12T11:40:38","guid":{"rendered":"http:\/\/www.ffhennersdorf.at\/WordPress\/?page_id=8"},"modified":"2016-08-07T21:14:33","modified_gmt":"2016-08-07T19:14:33","slug":"aktivitaeten","status":"publish","type":"page","link":"https:\/\/www.ffhennersdorf.at\/WordPress\/aktivitaeten\/","title":{"rendered":"Aktuelles"},"content":{"rendered":"<p>Hier finden Sie eine \u00dcbersicht \u00fcber die diversen T\u00e4tigkeiten und Einsatzbereiche der Freiwilligen Feuerwehr Hennersdorf, von unseren allgemeinen Aktivit\u00e4ten, Bewerbe, Eins\u00e4tze und \u00dcbungen und nat\u00fcrlich die Feuerwehrfeste.<\/p>\n<ul style=\"list-style-type: circle;\">\n<li><a href=\"http:\/\/www.ffhennersdorf.at\/WordPress\/?page_id=173\">Aktivit\u00e4ten<\/a><\/li>\n<li><a href=\"http:\/\/www.ffhennersdorf.at\/WordPress\/?page_id=14\">Bewerbe<\/a><\/li>\n<li><a href=\"http:\/\/www.ffhennersdorf.at\/WordPress\/?page_id=10\">Eins\u00e4tze<\/a><\/li>\n<li><a href=\"http:\/\/www.ffhennersdorf.at\/WordPress\/?page_id=12\">\u00dcbungen<\/a><\/li>\n<li><a href=\"http:\/\/www.ffhennersdorf.at\/WordPress\/?page_id=16\">Feuerwehrfeste<\/a><\/li>\n<\/ul>\n","protected":false},"excerpt":{"rendered":"<p>Hier finden Sie eine \u00dcbersicht \u00fcber die diversen T\u00e4tigkeiten und Einsatzbereiche der Freiwilligen Feuerwehr Hennersdorf, von unseren allgemeinen Aktivit\u00e4ten, Bewerbe, Eins\u00e4tze und \u00dcbungen und nat\u00fcrlich die Feuerwehrfeste. Aktivit\u00e4ten Bewerbe Eins\u00e4tze <a class=\"more-link\" href=\"https:\/\/www.ffhennersdorf.at\/WordPress\/aktivitaeten\/\">Weiterlesen&#8230;<\/a><\/p>\n","protected":false},"author":1,"featured_media":268,"parent":0,"menu_order":0,"comment_status":"closed","ping_status":"closed","template":"","meta":{"sfsi_plus_gutenberg_text_before_share":"","sfsi_plus_gutenberg_show_text_before_share":"","sfsi_plus_gutenberg_icon_type":"","sfsi_plus_gutenberg_icon_alignemt":"","sfsi_plus_gutenburg_max_per_row":"","footnotes":""},"_links":{"self":[{"href":"https:\/\/www.ffhennersdorf.at\/WordPress\/wp-json\/wp\/v2\/pages\/8"}],"collection":[{"href":"https:\/\/www.ffhennersdorf.at\/WordPress\/wp-json\/wp\/v2\/pages"}],"about":[{"href":"https:\/\/www.ffhennersdorf.at\/WordPress\/wp-json\/wp\/v2\/types\/page"}],"author":[{"embeddable":true,"href":"https:\/\/www.ffhennersdorf.at\/WordPress\/wp-json\/wp\/v2\/users\/1"}],"replies":[{"embeddable":true,"href":"https:\/\/www.ffhennersdorf.at\/WordPress\/wp-json\/wp\/v2\/comments?post=8"}],"version-history":[{"count":8,"href":"https:\/\/www.ffhennersdorf.at\/WordPress\/wp-json\/wp\/v2\/pages\/8\/revisions"}],"predecessor-version":[{"id":678,"href":"https:\/\/www.ffhennersdorf.at\/WordPress\/wp-json\/wp\/v2\/pages\/8\/revisions\/678"}],"wp:featuredmedia":[{"embeddable":true,"href":"https:\/\/www.ffhennersdorf.at\/WordPress\/wp-json\/wp\/v2\/media\/268"}],"wp:attachment":[{"href":"https:\/\/www.ffhennersdorf.at\/WordPress\/wp-json\/wp\/v2\/media?parent=8"}],"curies":[{"name":"wp","href":"https:\/\/api.w.org\/{rel}","templated":true}]}}